{"id":1105,"date":"2022-10-21T17:04:28","date_gmt":"2022-10-21T15:04:28","guid":{"rendered":"https:\/\/techoil.com.pl\/?page_id=1105"},"modified":"2022-11-03T08:34:25","modified_gmt":"2022-11-03T07:34:25","slug":"curatarea-injectoarelor-kielce","status":"publish","type":"page","link":"https:\/\/techoil.com.pl\/ro\/curatarea-injectoarelor-kielce\/","title":{"rendered":"Cur\u0103\u021barea injectoarelor Kielce"},"content":{"rendered":"<style>.elementor-1105 .elementor-element.elementor-element-4d08437{text-align:start;}.elementor-1105 .elementor-element.elementor-element-4d08437 .elementor-heading-title{font-family:\"Open Sans\", Sans-serif;font-size:32px;font-weight:600;text-transform:uppercase;color:#000000;}.elementor-1105 .elementor-element.elementor-element-9cc5ee7{text-align:start;}.elementor-1105 .elementor-element.elementor-element-9cc5ee7 .elementor-heading-title{font-family:\"Open Sans\", Sans-serif;font-size:32px;font-weight:600;text-transform:uppercase;color:#000000;}.elementor-1105 .elementor-element.elementor-element-c606a62:not(.elementor-motion-effects-element-type-background), .elementor-1105 .elementor-element.elementor-element-c606a62 > .elementor-motion-effects-container > .elementor-motion-effects-layer{background-image:url(\"https:\/\/techoil.com.pl\/wp-content\/uploads\/2022\/08\/82783838_2898927083506897_1325624476041216000_n-1.jpg\");background-position:center center;background-repeat:no-repeat;background-size:cover;}.elementor-1105 .elementor-element.elementor-element-c606a62{transition:background 0.3s, border 0.3s, border-radius 0.3s, box-shadow 0.3s;}.elementor-1105 .elementor-element.elementor-element-c606a62 > .elementor-background-overlay{transition:background 0.3s, border-radius 0.3s, opacity 0.3s;}.elementor-1105 .elementor-element.elementor-element-457f25f .elementor-button{font-family:\"Open Sans\", Sans-serif;font-size:32px;font-weight:600;text-decoration:none;background-color:#F0383D;}.elementor-1105 .elementor-element.elementor-element-457f25f > .elementor-widget-container{margin:-10px 0px 0px 0px;padding:0px 0px 0px 0px;}.elementor-1105 .elementor-element.elementor-element-5c3a3a4{font-family:\"Open Sans\", Sans-serif;font-size:16px;font-weight:400;line-height:24px;color:#FFFFFF;}.elementor-1105 .elementor-element.elementor-element-22de257{--spacer-size:285px;}.elementor-1105 .elementor-element.elementor-element-f4f63dc{--spacer-size:285px;}.elementor-1105 .elementor-element.elementor-element-4abce8c{--display:flex;--flex-direction:column;--container-widget-width:100%;--container-widget-height:initial;--container-widget-flex-grow:0;--container-widget-align-self:initial;--flex-wrap-mobile:wrap;}.elementor-1105 .elementor-element.elementor-element-4abce8c:not(.elementor-motion-effects-element-type-background), .elementor-1105 .elementor-element.elementor-element-4abce8c > .elementor-motion-effects-container > .elementor-motion-effects-layer{background-color:#F0383D;}.elementor-1105 .elementor-element.elementor-element-8672ef5{text-align:start;}.elementor-1105 .elementor-element.elementor-element-8672ef5 .elementor-heading-title{font-family:\"Open Sans\", Sans-serif;font-size:32px;font-weight:600;color:#FFFFFF;}.elementor-1105 .elementor-element.elementor-element-8672ef5 > .elementor-widget-container{padding:0px 0px 0px 0px;}.elementor-1105 .elementor-element.elementor-element-7b22979{--display:flex;--flex-direction:row;--container-widget-width:initial;--container-widget-height:100%;--container-widget-flex-grow:1;--container-widget-align-self:stretch;--flex-wrap-mobile:wrap;--gap:0px 0px;--row-gap:0px;--column-gap:0px;}.elementor-1105 .elementor-element.elementor-element-7b22979:not(.elementor-motion-effects-element-type-background), .elementor-1105 .elementor-element.elementor-element-7b22979 > .elementor-motion-effects-container > .elementor-motion-effects-layer{background-color:#F0383D;}.elementor-1105 .elementor-element.elementor-element-07efc4b{--display:flex;--flex-direction:column;--container-widget-width:100%;--container-widget-height:initial;--container-widget-flex-grow:0;--container-widget-align-self:initial;--flex-wrap-mobile:wrap;}.elementor-1105 .elementor-element.elementor-element-d0dbefd{font-family:\"Open Sans\", Sans-serif;font-size:16px;font-weight:400;line-height:24px;color:#FFFFFF;}.elementor-1105 .elementor-element.elementor-element-2c4f90a{--display:flex;--flex-direction:column;--container-widget-width:100%;--container-widget-height:initial;--container-widget-flex-grow:0;--container-widget-align-self:initial;--flex-wrap-mobile:wrap;}.elementor-1105 .elementor-element.elementor-element-95c856d{font-family:\"Open Sans\", Sans-serif;font-size:16px;font-weight:400;line-height:24px;color:#FFFFFF;}.elementor-1105 .elementor-element.elementor-element-d50ade2{--display:flex;--flex-direction:row;--container-widget-width:initial;--container-widget-height:100%;--container-widget-flex-grow:1;--container-widget-align-self:stretch;--flex-wrap-mobile:wrap;--gap:0px 0px;--row-gap:0px;--column-gap:0px;}.elementor-1105 .elementor-element.elementor-element-d50ade2:not(.elementor-motion-effects-element-type-background), .elementor-1105 .elementor-element.elementor-element-d50ade2 > .elementor-motion-effects-container > .elementor-motion-effects-layer{background-color:#F0383D;}.elementor-1105 .elementor-element.elementor-element-8da390e{--display:flex;--flex-direction:column;--container-widget-width:100%;--container-widget-height:initial;--container-widget-flex-grow:0;--container-widget-align-self:initial;--flex-wrap-mobile:wrap;}.elementor-1105 .elementor-element.elementor-element-0ffc14a{font-family:\"Open Sans\", Sans-serif;font-size:16px;font-weight:400;line-height:24px;color:#FFFFFF;}.elementor-1105 .elementor-element.elementor-element-348d876{--display:flex;--flex-direction:column;--container-widget-width:100%;--container-widget-height:initial;--container-widget-flex-grow:0;--container-widget-align-self:initial;--flex-wrap-mobile:wrap;}.elementor-1105 .elementor-element.elementor-element-a723973{font-family:\"Open Sans\", Sans-serif;font-size:16px;font-weight:400;line-height:24px;color:#FFFFFF;}.elementor-1105 .elementor-element.elementor-element-9058d9b{--display:flex;--flex-direction:column;--container-widget-width:100%;--container-widget-height:initial;--container-widget-flex-grow:0;--container-widget-align-self:initial;--flex-wrap-mobile:wrap;}.elementor-1105 .elementor-element.elementor-element-c029077{font-family:\"Open Sans\", Sans-serif;font-size:16px;font-weight:400;line-height:24px;color:#FFFFFF;}.elementor-1105 .elementor-element.elementor-element-aa8b636{--display:flex;--flex-direction:row;--container-widget-width:initial;--container-widget-height:100%;--container-widget-flex-grow:1;--container-widget-align-self:stretch;--flex-wrap-mobile:wrap;--gap:0px 0px;--row-gap:0px;--column-gap:0px;}.elementor-1105 .elementor-element.elementor-element-525b90f{--display:flex;--flex-direction:column;--container-widget-width:100%;--container-widget-height:initial;--container-widget-flex-grow:0;--container-widget-align-self:initial;--flex-wrap-mobile:wrap;}.elementor-1105 .elementor-element.elementor-element-525b90f.e-con{--flex-grow:0;--flex-shrink:0;}.elementor-1105 .elementor-element.elementor-element-7f256d5{--display:flex;--flex-direction:column;--container-widget-width:100%;--container-widget-height:initial;--container-widget-flex-grow:0;--container-widget-align-self:initial;--flex-wrap-mobile:wrap;}.elementor-1105 .elementor-element.elementor-element-7f256d5.e-con{--flex-grow:0;--flex-shrink:0;}.elementor-1105 .elementor-element.elementor-element-582e242{text-align:center;}.elementor-1105 .elementor-element.elementor-element-582e242 .elementor-heading-title{font-family:\"Open Sans\", Sans-serif;font-size:32px;font-weight:600;color:#000000;}.elementor-1105 .elementor-element.elementor-element-582e242 > .elementor-widget-container{padding:0px 0px 0px 0px;}.elementor-1105 .elementor-element.elementor-element-0a815fc{text-align:center;}.elementor-1105 .elementor-element.elementor-element-0a815fc .elementor-heading-title{font-family:\"RocknRoll One\", Sans-serif;font-size:32px;font-weight:600;color:#000000;}.elementor-1105 .elementor-element.elementor-element-0a815fc > .elementor-widget-container{padding:0px 0px 0px 0px;}.elementor-1105 .elementor-element.elementor-element-bf9773b .elementor-button{font-family:\"Open Sans\", Sans-serif;font-size:32px;font-weight:600;text-decoration:none;background-color:#F0383D;}.elementor-1105 .elementor-element.elementor-element-bf9773b > .elementor-widget-container{padding:0px 0px 0px 0px;}:root{--page-title-display:none;}@media(min-width:768px){.elementor-1105 .elementor-element.elementor-element-07efc4b{--width:50%;}.elementor-1105 .elementor-element.elementor-element-2c4f90a{--width:50%;}.elementor-1105 .elementor-element.elementor-element-8da390e{--width:50%;}.elementor-1105 .elementor-element.elementor-element-348d876{--width:50%;}.elementor-1105 .elementor-element.elementor-element-9058d9b{--width:50%;}.elementor-1105 .elementor-element.elementor-element-525b90f{--width:30%;}.elementor-1105 .elementor-element.elementor-element-7f256d5{--width:70%;}}<\/style>\t\t<div data-elementor-type=\"wp-page\" data-elementor-id=\"1105\" class=\"elementor elementor-1105\" data-elementor-post-type=\"page\">\n\t\t\t\t\t\t<section class=\"elementor-section elementor-top-section elementor-element elementor-element-89d2af9 elementor-section-boxed elementor-section-height-default elementor-section-height-default\" data-id=\"89d2af9\" data-element_type=\"section\" data-e-type=\"section\">\n\t\t\t\t\t\t<div class=\"elementor-container elementor-column-gap-default\">\n\t\t\t\t\t<div class=\"elementor-column elementor-col-100 elementor-top-column elementor-element elementor-element-1535b14\" data-id=\"1535b14\" data-element_type=\"column\" data-e-type=\"column\">\n\t\t\t<div class=\"elementor-widget-wrap elementor-element-populated\">\n\t\t\t\t\t\t<div class=\"elementor-element elementor-element-4d08437 elementor-widget elementor-widget-heading\" data-id=\"4d08437\" data-element_type=\"widget\" data-e-type=\"widget\" data-widget_type=\"heading.default\">\n\t\t\t\t<div class=\"elementor-widget-container\">\n\t\t\t\t\t<h2 class=\"elementor-heading-title elementor-size-default\">Metod\u0103 inovatoare<\/h2>\t\t\t\t<\/div>\n\t\t\t\t<\/div>\n\t\t\t\t<div class=\"elementor-element elementor-element-9cc5ee7 elementor-widget elementor-widget-heading\" data-id=\"9cc5ee7\" data-element_type=\"widget\" data-e-type=\"widget\" data-widget_type=\"heading.default\">\n\t\t\t\t<div class=\"elementor-widget-container\">\n\t\t\t\t\t<h2 class=\"elementor-heading-title elementor-size-default\">Cur\u0103\u021barea injectoarelor de motorin\u0103 \u0219i benzin\u0103<\/h2>\t\t\t\t<\/div>\n\t\t\t\t<\/div>\n\t\t\t\t\t<\/div>\n\t\t<\/div>\n\t\t\t\t\t<\/div>\n\t\t<\/section>\n\t\t\t\t<section class=\"elementor-section elementor-top-section elementor-element elementor-element-c606a62 elementor-section-boxed elementor-section-height-default elementor-section-height-default\" data-id=\"c606a62\" data-element_type=\"section\" data-e-type=\"section\" data-settings=\"{&quot;background_background&quot;:&quot;classic&quot;}\">\n\t\t\t\t\t\t<div class=\"elementor-container elementor-column-gap-default\">\n\t\t\t\t\t<div class=\"elementor-column elementor-col-50 elementor-top-column elementor-element elementor-element-32bcc68\" data-id=\"32bcc68\" data-element_type=\"column\" data-e-type=\"column\">\n\t\t\t<div class=\"elementor-widget-wrap\">\n\t\t\t\t\t\t\t<\/div>\n\t\t<\/div>\n\t\t\t\t<div class=\"elementor-column elementor-col-50 elementor-top-column elementor-element elementor-element-7aef6f7\" data-id=\"7aef6f7\" data-element_type=\"column\" data-e-type=\"column\">\n\t\t\t<div class=\"elementor-widget-wrap elementor-element-populated\">\n\t\t\t\t\t\t<div class=\"elementor-element elementor-element-457f25f elementor-align-left elementor-widget elementor-widget-button\" data-id=\"457f25f\" data-element_type=\"widget\" data-e-type=\"widget\" data-widget_type=\"button.default\">\n\t\t\t\t<div class=\"elementor-widget-container\">\n\t\t\t\t\t\t\t\t\t<div class=\"elementor-button-wrapper\">\n\t\t\t\t\t<a class=\"elementor-button elementor-button-link elementor-size-sm\" href=\"#\">\n\t\t\t\t\t\t<span class=\"elementor-button-content-wrapper\">\n\t\t\t\t\t\t\t\t\t<span class=\"elementor-button-text\">NICIO DEMONSTRA\u021aIE!<\/span>\n\t\t\t\t\t<\/span>\n\t\t\t\t\t<\/a>\n\t\t\t\t<\/div>\n\t\t\t\t\t\t\t\t<\/div>\n\t\t\t\t<\/div>\n\t\t\t\t<div class=\"elementor-element elementor-element-5c3a3a4 elementor-widget elementor-widget-text-editor\" data-id=\"5c3a3a4\" data-element_type=\"widget\" data-e-type=\"widget\" data-widget_type=\"text-editor.default\">\n\t\t\t\t<div class=\"elementor-widget-container\">\n\t\t\t\t\t\t\t\t\t<p class=\"selectable-text copyable-text\"><span class=\"selectable-text copyable-text\">SALVEAZ\u0102-\u021aI MA\u0218INA<\/span><\/p><p class=\"selectable-text copyable-text\"><span class=\"selectable-text copyable-text\">\u0218I PORTOFEL \u00ceN ACELA\u0218I TIMP!<\/span><\/p>\t\t\t\t\t\t\t\t<\/div>\n\t\t\t\t<\/div>\n\t\t\t\t<div class=\"elementor-element elementor-element-22de257 elementor-widget elementor-widget-spacer\" data-id=\"22de257\" data-element_type=\"widget\" data-e-type=\"widget\" data-widget_type=\"spacer.default\">\n\t\t\t\t<div class=\"elementor-widget-container\">\n\t\t\t\t\t\t\t<div class=\"elementor-spacer\">\n\t\t\t<div class=\"elementor-spacer-inner\"><\/div>\n\t\t<\/div>\n\t\t\t\t\t\t<\/div>\n\t\t\t\t<\/div>\n\t\t\t\t<div class=\"elementor-element elementor-element-f4f63dc elementor-widget elementor-widget-spacer\" data-id=\"f4f63dc\" data-element_type=\"widget\" data-e-type=\"widget\" data-widget_type=\"spacer.default\">\n\t\t\t\t<div class=\"elementor-widget-container\">\n\t\t\t\t\t\t\t<div class=\"elementor-spacer\">\n\t\t\t<div class=\"elementor-spacer-inner\"><\/div>\n\t\t<\/div>\n\t\t\t\t\t\t<\/div>\n\t\t\t\t<\/div>\n\t\t\t\t\t<\/div>\n\t\t<\/div>\n\t\t\t\t\t<\/div>\n\t\t<\/section>\n\t\t<div class=\"elementor-element elementor-element-4abce8c e-flex e-con-boxed e-con e-parent\" data-id=\"4abce8c\" data-element_type=\"container\" data-e-type=\"container\" data-settings=\"{&quot;background_background&quot;:&quot;classic&quot;}\">\n\t\t\t\t\t<div class=\"e-con-inner\">\n\t\t\t\t<div class=\"elementor-element elementor-element-8672ef5 elementor-widget elementor-widget-heading\" data-id=\"8672ef5\" data-element_type=\"widget\" data-e-type=\"widget\" data-widget_type=\"heading.default\">\n\t\t\t\t<div class=\"elementor-widget-container\">\n\t\t\t\t\t<h2 class=\"elementor-heading-title elementor-size-default\">CUR\u0102\u021aAREA INJECTOARELOR\nBENEFICII \u0218I AVANTAJE<\/h2>\t\t\t\t<\/div>\n\t\t\t\t<\/div>\n\t\t\t\t\t<\/div>\n\t\t\t\t<\/div>\n\t\t<div class=\"elementor-element elementor-element-7b22979 e-flex e-con-boxed e-con e-parent\" data-id=\"7b22979\" data-element_type=\"container\" data-e-type=\"container\" data-settings=\"{&quot;background_background&quot;:&quot;classic&quot;}\">\n\t\t\t\t\t<div class=\"e-con-inner\">\n\t\t<div class=\"elementor-element elementor-element-07efc4b e-con-full e-flex e-con e-parent\" data-id=\"07efc4b\" data-element_type=\"container\" data-e-type=\"container\">\n\t\t\t\t<div class=\"elementor-element elementor-element-d0dbefd elementor-widget elementor-widget-text-editor\" data-id=\"d0dbefd\" data-element_type=\"widget\" data-e-type=\"widget\" data-widget_type=\"text-editor.default\">\n\t\t\t\t<div class=\"elementor-widget-container\">\n\t\t\t\t\t\t\t\t\t<p>Pre\u021bul - \u00een compara\u021bie cu recondi\u021bionarea (ca s\u0103 nu mai vorbim de cump\u0103rarea de produse noi) - este ridicol de sc\u0103zut!<\/p>\t\t\t\t\t\t\t\t<\/div>\n\t\t\t\t<\/div>\n\t\t\t\t<\/div>\n\t\t<div class=\"elementor-element elementor-element-2c4f90a e-con-full e-flex e-con e-parent\" data-id=\"2c4f90a\" data-element_type=\"container\" data-e-type=\"container\">\n\t\t\t\t<div class=\"elementor-element elementor-element-95c856d elementor-widget elementor-widget-text-editor\" data-id=\"95c856d\" data-element_type=\"widget\" data-e-type=\"widget\" data-widget_type=\"text-editor.default\">\n\t\t\t\t<div class=\"elementor-widget-container\">\n\t\t\t\t\t\t\t\t\t<p>Prevenire<br \/>defec\u021biuni suplimentare cauzate de injectoarele uzate<\/p>\t\t\t\t\t\t\t\t<\/div>\n\t\t\t\t<\/div>\n\t\t\t\t<\/div>\n\t\t\t\t\t<\/div>\n\t\t\t\t<\/div>\n\t\t<div class=\"elementor-element elementor-element-d50ade2 e-flex e-con-boxed e-con e-parent\" data-id=\"d50ade2\" data-element_type=\"container\" data-e-type=\"container\" data-settings=\"{&quot;background_background&quot;:&quot;classic&quot;}\">\n\t\t\t\t\t<div class=\"e-con-inner\">\n\t\t<div class=\"elementor-element elementor-element-8da390e e-con-full e-flex e-con e-parent\" data-id=\"8da390e\" data-element_type=\"container\" data-e-type=\"container\">\n\t\t\t\t<div class=\"elementor-element elementor-element-0ffc14a elementor-widget elementor-widget-text-editor\" data-id=\"0ffc14a\" data-element_type=\"widget\" data-e-type=\"widget\" data-widget_type=\"text-editor.default\">\n\t\t\t\t<div class=\"elementor-widget-container\">\n\t\t\t\t\t\t\t\t\t<p>Nu este necesar s\u0103 scoate\u021bi injectoarele din motor<\/p>\t\t\t\t\t\t\t\t<\/div>\n\t\t\t\t<\/div>\n\t\t\t\t<\/div>\n\t\t<div class=\"elementor-element elementor-element-348d876 e-con-full e-flex e-con e-parent\" data-id=\"348d876\" data-element_type=\"container\" data-e-type=\"container\">\n\t\t\t\t<div class=\"elementor-element elementor-element-a723973 elementor-widget elementor-widget-text-editor\" data-id=\"a723973\" data-element_type=\"widget\" data-e-type=\"widget\" data-widget_type=\"text-editor.default\">\n\t\t\t\t<div class=\"elementor-widget-container\">\n\t\t\t\t\t\t\t\t\t<p>\u00centreaga procedur\u0103 dureaz\u0103, \u00een medie, c\u00e2teva zeci de minute.<\/p>\t\t\t\t\t\t\t\t<\/div>\n\t\t\t\t<\/div>\n\t\t\t\t<\/div>\n\t\t<div class=\"elementor-element elementor-element-9058d9b e-con-full e-flex e-con e-parent\" data-id=\"9058d9b\" data-element_type=\"container\" data-e-type=\"container\">\n\t\t\t\t<div class=\"elementor-element elementor-element-c029077 elementor-widget elementor-widget-text-editor\" data-id=\"c029077\" data-element_type=\"widget\" data-e-type=\"widget\" data-widget_type=\"text-editor.default\">\n\t\t\t\t<div class=\"elementor-widget-container\">\n\t\t\t\t\t\t\t\t\t<p>Procesul de corectare se realizeaz\u0103 prin intermediul unui computer de diagnosticare.<\/p>\t\t\t\t\t\t\t\t<\/div>\n\t\t\t\t<\/div>\n\t\t\t\t<\/div>\n\t\t\t\t\t<\/div>\n\t\t\t\t<\/div>\n\t\t<div class=\"elementor-element elementor-element-aa8b636 e-flex e-con-boxed e-con e-parent\" data-id=\"aa8b636\" data-element_type=\"container\" data-e-type=\"container\">\n\t\t\t\t\t<div class=\"e-con-inner\">\n\t\t<div class=\"elementor-element elementor-element-525b90f e-con-full e-flex e-con e-parent\" data-id=\"525b90f\" data-element_type=\"container\" data-e-type=\"container\">\n\t\t\t\t<div class=\"elementor-element elementor-element-d4c1ca0 elementor-widget elementor-widget-image\" data-id=\"d4c1ca0\" data-element_type=\"widget\" data-e-type=\"widget\" data-widget_type=\"image.default\">\n\t\t\t\t<div class=\"elementor-widget-container\">\n\t\t\t\t\t\t\t\t\t\t\t\t\t\t\t<img fetchpriority=\"high\" decoding=\"async\" width=\"632\" height=\"395\" src=\"https:\/\/techoil.com.pl\/wp-content\/uploads\/2022\/10\/WhatsApp_Image_2022-10-23_at_12.50.04_PM-removebg-preview.png\" class=\"attachment-large size-large wp-image-1150\" alt=\"\" srcset=\"https:\/\/techoil.com.pl\/wp-content\/uploads\/2022\/10\/WhatsApp_Image_2022-10-23_at_12.50.04_PM-removebg-preview.png 632w, https:\/\/techoil.com.pl\/wp-content\/uploads\/2022\/10\/WhatsApp_Image_2022-10-23_at_12.50.04_PM-removebg-preview-300x188.png 300w\" sizes=\"(max-width: 632px) 100vw, 632px\" title=\"\">\t\t\t\t\t\t\t\t\t\t\t\t\t\t\t<\/div>\n\t\t\t\t<\/div>\n\t\t\t\t<\/div>\n\t\t<div class=\"elementor-element elementor-element-7f256d5 e-con-full e-flex e-con e-parent\" data-id=\"7f256d5\" data-element_type=\"container\" data-e-type=\"container\">\n\t\t\t\t<div class=\"elementor-element elementor-element-582e242 elementor-widget elementor-widget-heading\" data-id=\"582e242\" data-element_type=\"widget\" data-e-type=\"widget\" data-widget_type=\"heading.default\">\n\t\t\t\t<div class=\"elementor-widget-container\">\n\t\t\t\t\t<h2 class=\"elementor-heading-title elementor-size-default\">CUR\u0102\u021aENIE PROFESIONAL\u0102<br>\nINTRODUC\u0102TORI<\/h2>\t\t\t\t<\/div>\n\t\t\t\t<\/div>\n\t\t\t\t<div class=\"elementor-element elementor-element-0a815fc elementor-widget elementor-widget-heading\" data-id=\"0a815fc\" data-element_type=\"widget\" data-e-type=\"widget\" data-widget_type=\"heading.default\">\n\t\t\t\t<div class=\"elementor-widget-container\">\n\t\t\t\t\t<h2 class=\"elementor-heading-title elementor-size-default\">PROMO\u021aIE!<\/h2>\t\t\t\t<\/div>\n\t\t\t\t<\/div>\n\t\t\t\t<div class=\"elementor-element elementor-element-bf9773b elementor-align-center elementor-widget elementor-widget-button\" data-id=\"bf9773b\" data-element_type=\"widget\" data-e-type=\"widget\" data-widget_type=\"button.default\">\n\t\t\t\t<div class=\"elementor-widget-container\">\n\t\t\t\t\t\t\t\t\t<div class=\"elementor-button-wrapper\">\n\t\t\t\t\t<a class=\"elementor-button elementor-button-link elementor-size-sm\" href=\"tel:+48%20698%20987%20131\">\n\t\t\t\t\t\t<span class=\"elementor-button-content-wrapper\">\n\t\t\t\t\t\t\t\t\t<span class=\"elementor-button-text\">CERE\u021aI DETALII!<\/span>\n\t\t\t\t\t<\/span>\n\t\t\t\t\t<\/a>\n\t\t\t\t<\/div>\n\t\t\t\t\t\t\t\t<\/div>\n\t\t\t\t<\/div>\n\t\t\t\t<\/div>\n\t\t\t\t\t<\/div>\n\t\t\t\t<\/div>\n\t\t\t\t<\/div>","protected":false},"excerpt":{"rendered":"<p>Innowacyjna Metoda Czyszczenia Wtryskiwaczy Diesla i Benzyny BEZ DEMONTAZU! OCAL SW\u00d3J SAMOCH\u00d3D I PORTFEL JEDNOCZESNIE! CZYSZCZENIE WTRYSKIWACZY KORZYSCI I ZALETY Cena &#8211; w por\u00f3wnaniu do regeneracji (nie m\u00f3wia\u00e9 juz o zakupie nowych) &#8211; smiesznie niska! Zapobieganiedodatkowym awariom, bedacym nastepstwami zuzytych wtryskiwaczy Nie ma potrzeby demontazu wtryskiwaczy z silnika Caly zabieg trwa przecietnie kilkadziesiat minat Proces [&hellip;]<\/p>\n","protected":false},"author":1,"featured_media":0,"parent":0,"menu_order":0,"comment_status":"closed","ping_status":"closed","template":"","meta":{"_eb_attr":"","footnotes":""},"class_list":["post-1105","page","type-page","status-publish","hentry"],"_links":{"self":[{"href":"https:\/\/techoil.com.pl\/ro\/wp-json\/wp\/v2\/pages\/1105","targetHints":{"allow":["GET"]}}],"collection":[{"href":"https:\/\/techoil.com.pl\/ro\/wp-json\/wp\/v2\/pages"}],"about":[{"href":"https:\/\/techoil.com.pl\/ro\/wp-json\/wp\/v2\/types\/page"}],"author":[{"embeddable":true,"href":"https:\/\/techoil.com.pl\/ro\/wp-json\/wp\/v2\/users\/1"}],"replies":[{"embeddable":true,"href":"https:\/\/techoil.com.pl\/ro\/wp-json\/wp\/v2\/comments?post=1105"}],"version-history":[{"count":0,"href":"https:\/\/techoil.com.pl\/ro\/wp-json\/wp\/v2\/pages\/1105\/revisions"}],"wp:attachment":[{"href":"https:\/\/techoil.com.pl\/ro\/wp-json\/wp\/v2\/media?parent=1105"}],"curies":[{"name":"wp","href":"https:\/\/api.w.org\/{rel}","templated":true}]}}