{"id":89,"date":"2022-08-15T18:17:45","date_gmt":"2022-08-15T16:17:45","guid":{"rendered":"https:\/\/techoil.com.pl\/?page_id=89"},"modified":"2023-11-01T21:25:35","modified_gmt":"2023-11-01T20:25:35","slug":"oil-change-kielce","status":"publish","type":"page","link":"https:\/\/techoil.com.pl\/en\/oil-change-kielce\/","title":{"rendered":"Oil Change Kielce - Techoil"},"content":{"rendered":"<style>.elementor-89 .elementor-element.elementor-element-9db8a6c:not(.elementor-motion-effects-element-type-background), .elementor-89 .elementor-element.elementor-element-9db8a6c > .elementor-motion-effects-container > .elementor-motion-effects-layer{background-image:url(\"https:\/\/techoil.com.pl\/wp-content\/uploads\/2022\/08\/Untitled-design-2022-08-27T014051.004.png\");background-position:center center;background-repeat:no-repeat;background-size:cover;}.elementor-89 .elementor-element.elementor-element-9db8a6c{transition:background 0.3s, border 0.3s, border-radius 0.3s, box-shadow 0.3s;}.elementor-89 .elementor-element.elementor-element-9db8a6c > .elementor-background-overlay{transition:background 0.3s, border-radius 0.3s, opacity 0.3s;}.elementor-89 .elementor-element.elementor-element-f391c27{--spacer-size:98px;}.elementor-89 .elementor-element.elementor-element-7415afb{--spacer-size:50px;}.elementor-89 .elementor-element.elementor-element-c764bac{--spacer-size:10px;}.elementor-89 .elementor-element.elementor-element-35083a9{--spacer-size:50px;}.elementor-89 .elementor-element.elementor-element-3fcbbf5{text-align:start;}.elementor-89 .elementor-element.elementor-element-3fcbbf5 > .elementor-widget-container{margin:20px 0px 0px 0px;}.elementor-89 .elementor-element.elementor-element-5462c43{--spacer-size:10px;}.elementor-89 .elementor-element.elementor-element-dfe9dc8{text-align:start;}.elementor-89 .elementor-element.elementor-element-dfe9dc8 .elementor-heading-title{font-family:\"Open Sans\", Sans-serif;font-size:32px;font-weight:600;color:#000000;}.elementor-89 .elementor-element.elementor-element-48b503d{font-family:\"Open Sans\", Sans-serif;font-size:16px;font-weight:400;line-height:24px;color:#000000;}.elementor-89 .elementor-element.elementor-element-cb655a6{--spacer-size:10px;}.elementor-89 .elementor-element.elementor-element-3a70efe{text-align:start;}.elementor-89 .elementor-element.elementor-element-3a70efe .elementor-heading-title{font-family:\"Open Sans\", Sans-serif;font-size:32px;font-weight:600;line-height:24px;color:#000000;}.elementor-89 .elementor-element.elementor-element-a39f7ea{font-family:\"Open Sans\", Sans-serif;font-size:16px;font-weight:400;line-height:24px;color:#000000;}.elementor-89 .elementor-element.elementor-element-86d7fd0{text-align:start;}.elementor-89 .elementor-element.elementor-element-86d7fd0 .elementor-heading-title{font-family:\"Open Sans\", Sans-serif;font-size:32px;font-weight:600;color:#000000;}.elementor-89 .elementor-element.elementor-element-0d03544{font-family:\"Open Sans\", Sans-serif;font-size:16px;font-weight:400;line-height:24px;color:#000000;}:root{--page-title-display:none;}@media(max-width:767px){.elementor-89 .elementor-element.elementor-element-dfe9dc8 > .elementor-widget-container{margin:0px 0px 0px 0px;}}@media(min-width:768px){.elementor-89 .elementor-element.elementor-element-dcde3ce{width:20%;}.elementor-89 .elementor-element.elementor-element-1328a2b{width:59.332%;}.elementor-89 .elementor-element.elementor-element-b84a14f{width:20%;}.elementor-89 .elementor-element.elementor-element-bc77e41{width:50.789%;}.elementor-89 .elementor-element.elementor-element-e9ff8b0{width:49.124%;}.elementor-89 .elementor-element.elementor-element-fa235dd{width:50%;}.elementor-89 .elementor-element.elementor-element-03fb460{width:50%;}}<\/style>\t\t<div data-elementor-type=\"wp-page\" data-elementor-id=\"89\" class=\"elementor elementor-89\" data-elementor-post-type=\"page\">\n\t\t\t\t\t\t<section class=\"elementor-section elementor-top-section elementor-element elementor-element-9db8a6c elementor-section-full_width elementor-section-stretched elementor-section-height-default elementor-section-height-default\" data-id=\"9db8a6c\" data-element_type=\"section\" data-e-type=\"section\" data-settings=\"{&quot;stretch_section&quot;:&quot;section-stretched&quot;,&quot;background_background&quot;:&quot;classic&quot;}\">\n\t\t\t\t\t\t<div class=\"elementor-container elementor-column-gap-no\">\n\t\t\t\t\t<div class=\"elementor-column elementor-col-100 elementor-top-column elementor-element elementor-element-3a41553\" data-id=\"3a41553\" data-element_type=\"column\" data-e-type=\"column\">\n\t\t\t<div class=\"elementor-widget-wrap elementor-element-populated\">\n\t\t\t\t\t\t<section class=\"elementor-section elementor-inner-section elementor-element elementor-element-97dcae6 elementor-section-boxed elementor-section-height-default elementor-section-height-default\" data-id=\"97dcae6\" data-element_type=\"section\" data-e-type=\"section\">\n\t\t\t\t\t\t<div class=\"elementor-container elementor-column-gap-default\">\n\t\t\t\t\t<div class=\"elementor-column elementor-col-33 elementor-inner-column elementor-element elementor-element-dcde3ce\" data-id=\"dcde3ce\" data-element_type=\"column\" data-e-type=\"column\">\n\t\t\t<div class=\"elementor-widget-wrap\">\n\t\t\t\t\t\t\t<\/div>\n\t\t<\/div>\n\t\t\t\t<div class=\"elementor-column elementor-col-33 elementor-inner-column elementor-element elementor-element-1328a2b\" data-id=\"1328a2b\" data-element_type=\"column\" data-e-type=\"column\">\n\t\t\t<div class=\"elementor-widget-wrap elementor-element-populated\">\n\t\t\t\t\t\t<div class=\"elementor-element elementor-element-f391c27 elementor-widget elementor-widget-spacer\" data-id=\"f391c27\" data-element_type=\"widget\" data-e-type=\"widget\" data-widget_type=\"spacer.default\">\n\t\t\t\t<div class=\"elementor-widget-container\">\n\t\t\t\t\t\t\t<div class=\"elementor-spacer\">\n\t\t\t<div class=\"elementor-spacer-inner\"><\/div>\n\t\t<\/div>\n\t\t\t\t\t\t<\/div>\n\t\t\t\t<\/div>\n\t\t\t\t<div class=\"elementor-element elementor-element-7415afb elementor-widget elementor-widget-spacer\" data-id=\"7415afb\" data-element_type=\"widget\" data-e-type=\"widget\" data-widget_type=\"spacer.default\">\n\t\t\t\t<div class=\"elementor-widget-container\">\n\t\t\t\t\t\t\t<div class=\"elementor-spacer\">\n\t\t\t<div class=\"elementor-spacer-inner\"><\/div>\n\t\t<\/div>\n\t\t\t\t\t\t<\/div>\n\t\t\t\t<\/div>\n\t\t\t\t<div class=\"elementor-element elementor-element-c764bac elementor-widget elementor-widget-spacer\" data-id=\"c764bac\" data-element_type=\"widget\" data-e-type=\"widget\" data-widget_type=\"spacer.default\">\n\t\t\t\t<div class=\"elementor-widget-container\">\n\t\t\t\t\t\t\t<div class=\"elementor-spacer\">\n\t\t\t<div class=\"elementor-spacer-inner\"><\/div>\n\t\t<\/div>\n\t\t\t\t\t\t<\/div>\n\t\t\t\t<\/div>\n\t\t\t\t\t<\/div>\n\t\t<\/div>\n\t\t\t\t<div class=\"elementor-column elementor-col-33 elementor-inner-column elementor-element elementor-element-b84a14f\" data-id=\"b84a14f\" data-element_type=\"column\" data-e-type=\"column\">\n\t\t\t<div class=\"elementor-widget-wrap\">\n\t\t\t\t\t\t\t<\/div>\n\t\t<\/div>\n\t\t\t\t\t<\/div>\n\t\t<\/section>\n\t\t\t\t<div class=\"elementor-element elementor-element-35083a9 elementor-widget elementor-widget-spacer\" data-id=\"35083a9\" data-element_type=\"widget\" data-e-type=\"widget\" data-widget_type=\"spacer.default\">\n\t\t\t\t<div class=\"elementor-widget-container\">\n\t\t\t\t\t\t\t<div class=\"elementor-spacer\">\n\t\t\t<div class=\"elementor-spacer-inner\"><\/div>\n\t\t<\/div>\n\t\t\t\t\t\t<\/div>\n\t\t\t\t<\/div>\n\t\t\t\t\t<\/div>\n\t\t<\/div>\n\t\t\t\t\t<\/div>\n\t\t<\/section>\n\t\t\t\t<section class=\"elementor-section elementor-top-section elementor-element elementor-element-f977ba7 elementor-section-boxed elementor-section-height-default elementor-section-height-default\" data-id=\"f977ba7\" data-element_type=\"section\" data-e-type=\"section\">\n\t\t\t\t\t\t<div class=\"elementor-container elementor-column-gap-default\">\n\t\t\t\t\t<div class=\"elementor-column elementor-col-100 elementor-top-column elementor-element elementor-element-701b1d6\" data-id=\"701b1d6\" data-element_type=\"column\" data-e-type=\"column\">\n\t\t\t<div class=\"elementor-widget-wrap elementor-element-populated\">\n\t\t\t\t\t\t<div class=\"elementor-element elementor-element-3fcbbf5 elementor-widget elementor-widget-heading\" data-id=\"3fcbbf5\" data-element_type=\"widget\" data-e-type=\"widget\" data-widget_type=\"heading.default\">\n\t\t\t\t<div class=\"elementor-widget-container\">\n\t\t\t\t\t<h1 class=\"elementor-heading-title elementor-size-default\">Oil Change Kielce<\/h1>\t\t\t\t<\/div>\n\t\t\t\t<\/div>\n\t\t\t\t\t<\/div>\n\t\t<\/div>\n\t\t\t\t\t<\/div>\n\t\t<\/section>\n\t\t\t\t<section class=\"elementor-section elementor-top-section elementor-element elementor-element-f92c8c6 elementor-section-boxed elementor-section-height-default elementor-section-height-default\" data-id=\"f92c8c6\" data-element_type=\"section\" data-e-type=\"section\">\n\t\t\t\t\t\t<div class=\"elementor-container elementor-column-gap-default\">\n\t\t\t\t\t<div class=\"elementor-column elementor-col-50 elementor-top-column elementor-element elementor-element-bc77e41\" data-id=\"bc77e41\" data-element_type=\"column\" data-e-type=\"column\">\n\t\t\t<div class=\"elementor-widget-wrap elementor-element-populated\">\n\t\t\t\t\t\t<div class=\"elementor-element elementor-element-5462c43 elementor-widget elementor-widget-spacer\" data-id=\"5462c43\" data-element_type=\"widget\" data-e-type=\"widget\" data-widget_type=\"spacer.default\">\n\t\t\t\t<div class=\"elementor-widget-container\">\n\t\t\t\t\t\t\t<div class=\"elementor-spacer\">\n\t\t\t<div class=\"elementor-spacer-inner\"><\/div>\n\t\t<\/div>\n\t\t\t\t\t\t<\/div>\n\t\t\t\t<\/div>\n\t\t\t\t<div class=\"elementor-element elementor-element-dfe9dc8 elementor-widget elementor-widget-heading\" data-id=\"dfe9dc8\" data-element_type=\"widget\" data-e-type=\"widget\" data-widget_type=\"heading.default\">\n\t\t\t\t<div class=\"elementor-widget-container\">\n\t\t\t\t\t<h2 class=\"elementor-heading-title elementor-size-default\">Why is engine oil the most important operating fluid in a\ncar?<\/h2>\t\t\t\t<\/div>\n\t\t\t\t<\/div>\n\t\t\t\t<div class=\"elementor-element elementor-element-48b503d elementor-widget elementor-widget-text-editor\" data-id=\"48b503d\" data-element_type=\"widget\" data-e-type=\"widget\" data-widget_type=\"text-editor.default\">\n\t\t\t\t<div class=\"elementor-widget-container\">\n\t\t\t\t\t\t\t\t\t<p>Because it is this inconspicuous oil that performs a number of very important functions, to which\u00a0<span style=\"font-family: var( --e-global-typography-text-font-family ), Sans-serif; font-weight: var( --e-global-typography-text-font-weight ); font-size: 1rem;\">include:<\/span><\/p><ul><li>extending the life of the engine<\/li><li>protection against corrosion<\/li><li>reduction of engine resistance<\/li><li>Maintaining engine performance at the appropriate level<\/li><li>protection of engine components<\/li><li>reduction of exhaust emissions<\/li><li>keeping combustion at the right level<\/li><\/ul><p>As you can see - <b>engine oil is the foundation<\/b> and its regular replacement is one of the most important operational activities.<\/p>\t\t\t\t\t\t\t\t<\/div>\n\t\t\t\t<\/div>\n\t\t\t\t\t<\/div>\n\t\t<\/div>\n\t\t\t\t<div class=\"elementor-column elementor-col-50 elementor-top-column elementor-element elementor-element-e9ff8b0\" data-id=\"e9ff8b0\" data-element_type=\"column\" data-e-type=\"column\">\n\t\t\t<div class=\"elementor-widget-wrap elementor-element-populated\">\n\t\t\t\t\t\t<div class=\"elementor-element elementor-element-7e35089 elementor-widget elementor-widget-image\" data-id=\"7e35089\" data-element_type=\"widget\" data-e-type=\"widget\" data-widget_type=\"image.default\">\n\t\t\t\t<div class=\"elementor-widget-container\">\n\t\t\t\t\t\t\t\t\t\t\t\t\t\t\t<img fetchpriority=\"high\" decoding=\"async\" width=\"768\" height=\"768\" src=\"https:\/\/techoil.com.pl\/wp-content\/uploads\/2022\/08\/Untitled-design-2022-08-19T013155.318-768x768.png\" class=\"attachment-medium_large size-medium_large wp-image-526\" alt=\"\" srcset=\"https:\/\/techoil.com.pl\/wp-content\/uploads\/2022\/08\/Untitled-design-2022-08-19T013155.318-768x768.png 768w, https:\/\/techoil.com.pl\/wp-content\/uploads\/2022\/08\/Untitled-design-2022-08-19T013155.318-300x300.png 300w, https:\/\/techoil.com.pl\/wp-content\/uploads\/2022\/08\/Untitled-design-2022-08-19T013155.318-1024x1024.png 1024w, https:\/\/techoil.com.pl\/wp-content\/uploads\/2022\/08\/Untitled-design-2022-08-19T013155.318-150x150.png 150w, https:\/\/techoil.com.pl\/wp-content\/uploads\/2022\/08\/Untitled-design-2022-08-19T013155.318.png 1080w\" sizes=\"(max-width: 768px) 100vw, 768px\" title=\"\">\t\t\t\t\t\t\t\t\t\t\t\t\t\t\t<\/div>\n\t\t\t\t<\/div>\n\t\t\t\t\t<\/div>\n\t\t<\/div>\n\t\t\t\t\t<\/div>\n\t\t<\/section>\n\t\t\t\t<section class=\"elementor-section elementor-top-section elementor-element elementor-element-0f7ea43 elementor-section-boxed elementor-section-height-default elementor-section-height-default\" data-id=\"0f7ea43\" data-element_type=\"section\" data-e-type=\"section\">\n\t\t\t\t\t\t<div class=\"elementor-container elementor-column-gap-default\">\n\t\t\t\t\t<div class=\"elementor-column elementor-col-50 elementor-top-column elementor-element elementor-element-fa235dd\" data-id=\"fa235dd\" data-element_type=\"column\" data-e-type=\"column\">\n\t\t\t<div class=\"elementor-widget-wrap elementor-element-populated\">\n\t\t\t\t\t\t<div class=\"elementor-element elementor-element-f98ed81 elementor-widget elementor-widget-image\" data-id=\"f98ed81\" data-element_type=\"widget\" data-e-type=\"widget\" data-widget_type=\"image.default\">\n\t\t\t\t<div class=\"elementor-widget-container\">\n\t\t\t\t\t\t\t\t\t\t\t\t\t\t\t<img decoding=\"async\" width=\"800\" height=\"800\" src=\"https:\/\/techoil.com.pl\/wp-content\/uploads\/2022\/08\/Untitled-design-2022-08-19T013518.001-1024x1024.png\" class=\"attachment-large size-large wp-image-530\" alt=\"\" srcset=\"https:\/\/techoil.com.pl\/wp-content\/uploads\/2022\/08\/Untitled-design-2022-08-19T013518.001-1024x1024.png 1024w, https:\/\/techoil.com.pl\/wp-content\/uploads\/2022\/08\/Untitled-design-2022-08-19T013518.001-300x300.png 300w, https:\/\/techoil.com.pl\/wp-content\/uploads\/2022\/08\/Untitled-design-2022-08-19T013518.001-150x150.png 150w, https:\/\/techoil.com.pl\/wp-content\/uploads\/2022\/08\/Untitled-design-2022-08-19T013518.001-768x768.png 768w, https:\/\/techoil.com.pl\/wp-content\/uploads\/2022\/08\/Untitled-design-2022-08-19T013518.001.png 1080w\" sizes=\"(max-width: 800px) 100vw, 800px\" title=\"\">\t\t\t\t\t\t\t\t\t\t\t\t\t\t\t<\/div>\n\t\t\t\t<\/div>\n\t\t\t\t\t<\/div>\n\t\t<\/div>\n\t\t\t\t<div class=\"elementor-column elementor-col-50 elementor-top-column elementor-element elementor-element-03fb460\" data-id=\"03fb460\" data-element_type=\"column\" data-e-type=\"column\">\n\t\t\t<div class=\"elementor-widget-wrap elementor-element-populated\">\n\t\t\t\t\t\t<div class=\"elementor-element elementor-element-cb655a6 elementor-widget elementor-widget-spacer\" data-id=\"cb655a6\" data-element_type=\"widget\" data-e-type=\"widget\" data-widget_type=\"spacer.default\">\n\t\t\t\t<div class=\"elementor-widget-container\">\n\t\t\t\t\t\t\t<div class=\"elementor-spacer\">\n\t\t\t<div class=\"elementor-spacer-inner\"><\/div>\n\t\t<\/div>\n\t\t\t\t\t\t<\/div>\n\t\t\t\t<\/div>\n\t\t\t\t<div class=\"elementor-element elementor-element-3a70efe elementor-widget elementor-widget-heading\" data-id=\"3a70efe\" data-element_type=\"widget\" data-e-type=\"widget\" data-widget_type=\"heading.default\">\n\t\t\t\t<div class=\"elementor-widget-container\">\n\t\t\t\t\t<h2 class=\"elementor-heading-title elementor-size-default\">What happens if I neglect to change the oil?<\/h2>\t\t\t\t<\/div>\n\t\t\t\t<\/div>\n\t\t\t\t<div class=\"elementor-element elementor-element-a39f7ea elementor-widget elementor-widget-text-editor\" data-id=\"a39f7ea\" data-element_type=\"widget\" data-e-type=\"widget\" data-widget_type=\"text-editor.default\">\n\t\t\t\t<div class=\"elementor-widget-container\">\n\t\t\t\t\t\t\t\t\t<p>You will automatically deny yourself all the above-mentioned benefits, and this should already convince you to change your oil regularly. However, let's assume that such arguments do not convince you - in that case, sooner or later the consequences will catch up with you, for example:<\/p><ul><li>destruction of the pan<\/li><li>destruction of the crank-piston system<\/li><li>seizure of a motorcycle<\/li><\/ul><p>These are some of the failures that can get you if you neglect to change the engine oil. The cost of repairing the listed defects depends on the model of the vehicle, but generalizing we can say that you will leave a minimum of PLN 1,000 at the mechanic, and the upper limit depends on the scale of damage - with serious damage, the costs can reach tens of thousands of zlotys.<\/p>\t\t\t\t\t\t\t\t<\/div>\n\t\t\t\t<\/div>\n\t\t\t\t\t<\/div>\n\t\t<\/div>\n\t\t\t\t\t<\/div>\n\t\t<\/section>\n\t\t\t\t<section class=\"elementor-section elementor-top-section elementor-element elementor-element-f15f398 elementor-section-boxed elementor-section-height-default elementor-section-height-default\" data-id=\"f15f398\" data-element_type=\"section\" data-e-type=\"section\">\n\t\t\t\t\t\t<div class=\"elementor-container elementor-column-gap-default\">\n\t\t\t\t\t<div class=\"elementor-column elementor-col-50 elementor-top-column elementor-element elementor-element-2eca48f\" data-id=\"2eca48f\" data-element_type=\"column\" data-e-type=\"column\">\n\t\t\t<div class=\"elementor-widget-wrap elementor-element-populated\">\n\t\t\t\t\t\t<div class=\"elementor-element elementor-element-86d7fd0 elementor-widget elementor-widget-heading\" data-id=\"86d7fd0\" data-element_type=\"widget\" data-e-type=\"widget\" data-widget_type=\"heading.default\">\n\t\t\t\t<div class=\"elementor-widget-container\">\n\t\t\t\t\t<h2 class=\"elementor-heading-title elementor-size-default\">Every how long should the oil be changed?<\/h2>\t\t\t\t<\/div>\n\t\t\t\t<\/div>\n\t\t\t\t<div class=\"elementor-element elementor-element-0d03544 elementor-widget elementor-widget-text-editor\" data-id=\"0d03544\" data-element_type=\"widget\" data-e-type=\"widget\" data-widget_type=\"text-editor.default\">\n\t\t\t\t<div class=\"elementor-widget-container\">\n\t\t\t\t\t\t\t\t\t<p>This is a matter that depends primarily on the make of the vehicle, but you should also consider your&nbsp;<b>style of car use.&nbsp;<\/b>If you drive mainly&nbsp;<b>pomme<\/b> - We advise you to change the oil every 10-12 thousand kilometers. If you use the vehicle mainly outside the city - a change every 15 thousand kilometers will be the optimal choice. We strongly advise against taking into account the current pseudo-ecological trends more and more often manufacturers recommend changing the oil every ~30 thousand kilometers. Following this recommendation only <b>brings us closer to the expenses described above.<\/b><\/p>\t\t\t\t\t\t\t\t<\/div>\n\t\t\t\t<\/div>\n\t\t\t\t<section class=\"elementor-section elementor-inner-section elementor-element elementor-element-e93de32 elementor-section-boxed elementor-section-height-default elementor-section-height-default\" data-id=\"e93de32\" data-element_type=\"section\" data-e-type=\"section\">\n\t\t\t\t\t\t<div class=\"elementor-container elementor-column-gap-default\">\n\t\t\t\t\t<div class=\"elementor-column elementor-col-50 elementor-inner-column elementor-element elementor-element-7ef484f\" data-id=\"7ef484f\" data-element_type=\"column\" data-e-type=\"column\">\n\t\t\t<div class=\"elementor-widget-wrap elementor-element-populated\">\n\t\t\t\t\t\t<div class=\"elementor-element elementor-element-8708fc2 elementor-widget elementor-widget-image\" data-id=\"8708fc2\" data-element_type=\"widget\" data-e-type=\"widget\" data-widget_type=\"image.default\">\n\t\t\t\t<div class=\"elementor-widget-container\">\n\t\t\t\t\t\t\t\t\t\t\t\t\t\t\t<img decoding=\"async\" width=\"800\" height=\"800\" src=\"https:\/\/techoil.com.pl\/wp-content\/uploads\/2022\/10\/Untitled-design-68-1024x1024.png\" class=\"attachment-large size-large wp-image-1053\" alt=\"\" srcset=\"https:\/\/techoil.com.pl\/wp-content\/uploads\/2022\/10\/Untitled-design-68-1024x1024.png 1024w, https:\/\/techoil.com.pl\/wp-content\/uploads\/2022\/10\/Untitled-design-68-300x300.png 300w, https:\/\/techoil.com.pl\/wp-content\/uploads\/2022\/10\/Untitled-design-68-150x150.png 150w, https:\/\/techoil.com.pl\/wp-content\/uploads\/2022\/10\/Untitled-design-68-768x768.png 768w, https:\/\/techoil.com.pl\/wp-content\/uploads\/2022\/10\/Untitled-design-68.png 1080w\" sizes=\"(max-width: 800px) 100vw, 800px\" title=\"\">\t\t\t\t\t\t\t\t\t\t\t\t\t\t\t<\/div>\n\t\t\t\t<\/div>\n\t\t\t\t\t<\/div>\n\t\t<\/div>\n\t\t\t\t<div class=\"elementor-column elementor-col-50 elementor-inner-column elementor-element elementor-element-606b773\" data-id=\"606b773\" data-element_type=\"column\" data-e-type=\"column\">\n\t\t\t<div class=\"elementor-widget-wrap elementor-element-populated\">\n\t\t\t\t\t\t<div class=\"elementor-element elementor-element-3f5a9bb elementor-widget elementor-widget-image\" data-id=\"3f5a9bb\" data-element_type=\"widget\" data-e-type=\"widget\" data-widget_type=\"image.default\">\n\t\t\t\t<div class=\"elementor-widget-container\">\n\t\t\t\t\t\t\t\t\t\t\t\t\t\t\t<img loading=\"lazy\" decoding=\"async\" width=\"300\" height=\"300\" src=\"https:\/\/techoil.com.pl\/wp-content\/uploads\/2022\/10\/Untitled-design-67-300x300.png\" class=\"attachment-medium size-medium wp-image-1054\" alt=\"\" srcset=\"https:\/\/techoil.com.pl\/wp-content\/uploads\/2022\/10\/Untitled-design-67-300x300.png 300w, https:\/\/techoil.com.pl\/wp-content\/uploads\/2022\/10\/Untitled-design-67-1024x1024.png 1024w, https:\/\/techoil.com.pl\/wp-content\/uploads\/2022\/10\/Untitled-design-67-150x150.png 150w, https:\/\/techoil.com.pl\/wp-content\/uploads\/2022\/10\/Untitled-design-67-768x768.png 768w, https:\/\/techoil.com.pl\/wp-content\/uploads\/2022\/10\/Untitled-design-67.png 1080w\" sizes=\"(max-width: 300px) 100vw, 300px\" title=\"\">\t\t\t\t\t\t\t\t\t\t\t\t\t\t\t<\/div>\n\t\t\t\t<\/div>\n\t\t\t\t\t<\/div>\n\t\t<\/div>\n\t\t\t\t\t<\/div>\n\t\t<\/section>\n\t\t\t\t\t<\/div>\n\t\t<\/div>\n\t\t\t\t<div class=\"elementor-column elementor-col-50 elementor-top-column elementor-element elementor-element-23f6484\" data-id=\"23f6484\" data-element_type=\"column\" data-e-type=\"column\">\n\t\t\t<div class=\"elementor-widget-wrap elementor-element-populated\">\n\t\t\t\t\t\t<div class=\"elementor-element elementor-element-aaf94be elementor-widget elementor-widget-image\" data-id=\"aaf94be\" data-element_type=\"widget\" data-e-type=\"widget\" data-widget_type=\"image.default\">\n\t\t\t\t<div class=\"elementor-widget-container\">\n\t\t\t\t\t\t\t\t\t\t\t\t\t\t\t<img loading=\"lazy\" decoding=\"async\" width=\"800\" height=\"800\" src=\"https:\/\/techoil.com.pl\/wp-content\/uploads\/2022\/08\/Untitled-design-2022-08-19T013839.886-1024x1024.png\" class=\"attachment-large size-large wp-image-537\" alt=\"\" srcset=\"https:\/\/techoil.com.pl\/wp-content\/uploads\/2022\/08\/Untitled-design-2022-08-19T013839.886-1024x1024.png 1024w, https:\/\/techoil.com.pl\/wp-content\/uploads\/2022\/08\/Untitled-design-2022-08-19T013839.886-300x300.png 300w, https:\/\/techoil.com.pl\/wp-content\/uploads\/2022\/08\/Untitled-design-2022-08-19T013839.886-150x150.png 150w, https:\/\/techoil.com.pl\/wp-content\/uploads\/2022\/08\/Untitled-design-2022-08-19T013839.886-768x768.png 768w, https:\/\/techoil.com.pl\/wp-content\/uploads\/2022\/08\/Untitled-design-2022-08-19T013839.886.png 1080w\" sizes=\"(max-width: 800px) 100vw, 800px\" title=\"\">\t\t\t\t\t\t\t\t\t\t\t\t\t\t\t<\/div>\n\t\t\t\t<\/div>\n\t\t\t\t\t<\/div>\n\t\t<\/div>\n\t\t\t\t\t<\/div>\n\t\t<\/section>\n\t\t\t\t<\/div>","protected":false},"excerpt":{"rendered":"<p>Wymiana Oleju Kielce Dlaczego olej silnikowy to najwa\u017cniejszy p\u0142yn eksploatacyjny w samochodzie? Poniewa\u017c to w\u0142a\u015bnie ten niepozorny olej spe\u0142nia szereg bardzo istotnych funkcji, do kt\u00f3rych\u00a0zaliczamy: wyd\u0142u\u017cenie \u017cywotno\u015bci silnika ochron\u0119 przed korozj\u0105 redukcj\u0119 opor\u00f3w pracy silnika utrzymywanie wydajno\u015bci silnika na odpowiednim poziomie ochron\u0119 podzespo\u0142\u00f3w silnika zmniejszenie emisji spalin utrzymywanie spalania na odpowiednim poziomie Jak wida\u0107 \u2013 [&hellip;]<\/p>\n","protected":false},"author":1,"featured_media":0,"parent":0,"menu_order":0,"comment_status":"closed","ping_status":"closed","template":"","meta":{"_eb_attr":"","footnotes":""},"class_list":["post-89","page","type-page","status-publish","hentry"],"_links":{"self":[{"href":"https:\/\/techoil.com.pl\/en\/wp-json\/wp\/v2\/pages\/89","targetHints":{"allow":["GET"]}}],"collection":[{"href":"https:\/\/techoil.com.pl\/en\/wp-json\/wp\/v2\/pages"}],"about":[{"href":"https:\/\/techoil.com.pl\/en\/wp-json\/wp\/v2\/types\/page"}],"author":[{"embeddable":true,"href":"https:\/\/techoil.com.pl\/en\/wp-json\/wp\/v2\/users\/1"}],"replies":[{"embeddable":true,"href":"https:\/\/techoil.com.pl\/en\/wp-json\/wp\/v2\/comments?post=89"}],"version-history":[{"count":0,"href":"https:\/\/techoil.com.pl\/en\/wp-json\/wp\/v2\/pages\/89\/revisions"}],"wp:attachment":[{"href":"https:\/\/techoil.com.pl\/en\/wp-json\/wp\/v2\/media?parent=89"}],"curies":[{"name":"wp","href":"https:\/\/api.w.org\/{rel}","templated":true}]}}