{"id":89,"date":"2022-08-15T18:17:45","date_gmt":"2022-08-15T16:17:45","guid":{"rendered":"https:\/\/techoil.com.pl\/?page_id=89"},"modified":"2023-11-01T21:25:35","modified_gmt":"2023-11-01T20:25:35","slug":"olwechsel-kielce","status":"publish","type":"page","link":"https:\/\/techoil.com.pl\/de\/olwechsel-kielce\/","title":{"rendered":"\u00d6lwechsel Kielce - Techoil"},"content":{"rendered":"<style>.elementor-89 .elementor-element.elementor-element-9db8a6c:not(.elementor-motion-effects-element-type-background), .elementor-89 .elementor-element.elementor-element-9db8a6c > .elementor-motion-effects-container > .elementor-motion-effects-layer{background-image:url(\"https:\/\/techoil.com.pl\/wp-content\/uploads\/2022\/08\/Untitled-design-2022-08-27T014051.004.png\");background-position:center center;background-repeat:no-repeat;background-size:cover;}.elementor-89 .elementor-element.elementor-element-9db8a6c{transition:background 0.3s, border 0.3s, border-radius 0.3s, box-shadow 0.3s;}.elementor-89 .elementor-element.elementor-element-9db8a6c > .elementor-background-overlay{transition:background 0.3s, border-radius 0.3s, opacity 0.3s;}.elementor-89 .elementor-element.elementor-element-f391c27{--spacer-size:98px;}.elementor-89 .elementor-element.elementor-element-7415afb{--spacer-size:50px;}.elementor-89 .elementor-element.elementor-element-c764bac{--spacer-size:10px;}.elementor-89 .elementor-element.elementor-element-35083a9{--spacer-size:50px;}.elementor-89 .elementor-element.elementor-element-3fcbbf5{text-align:start;}.elementor-89 .elementor-element.elementor-element-3fcbbf5 > .elementor-widget-container{margin:20px 0px 0px 0px;}.elementor-89 .elementor-element.elementor-element-5462c43{--spacer-size:10px;}.elementor-89 .elementor-element.elementor-element-dfe9dc8{text-align:start;}.elementor-89 .elementor-element.elementor-element-dfe9dc8 .elementor-heading-title{font-family:\"Open Sans\", Sans-serif;font-size:32px;font-weight:600;color:#000000;}.elementor-89 .elementor-element.elementor-element-48b503d{font-family:\"Open Sans\", Sans-serif;font-size:16px;font-weight:400;line-height:24px;color:#000000;}.elementor-89 .elementor-element.elementor-element-cb655a6{--spacer-size:10px;}.elementor-89 .elementor-element.elementor-element-3a70efe{text-align:start;}.elementor-89 .elementor-element.elementor-element-3a70efe .elementor-heading-title{font-family:\"Open Sans\", Sans-serif;font-size:32px;font-weight:600;line-height:24px;color:#000000;}.elementor-89 .elementor-element.elementor-element-a39f7ea{font-family:\"Open Sans\", Sans-serif;font-size:16px;font-weight:400;line-height:24px;color:#000000;}.elementor-89 .elementor-element.elementor-element-86d7fd0{text-align:start;}.elementor-89 .elementor-element.elementor-element-86d7fd0 .elementor-heading-title{font-family:\"Open Sans\", Sans-serif;font-size:32px;font-weight:600;color:#000000;}.elementor-89 .elementor-element.elementor-element-0d03544{font-family:\"Open Sans\", Sans-serif;font-size:16px;font-weight:400;line-height:24px;color:#000000;}:root{--page-title-display:none;}@media(max-width:767px){.elementor-89 .elementor-element.elementor-element-dfe9dc8 > .elementor-widget-container{margin:0px 0px 0px 0px;}}@media(min-width:768px){.elementor-89 .elementor-element.elementor-element-dcde3ce{width:20%;}.elementor-89 .elementor-element.elementor-element-1328a2b{width:59.332%;}.elementor-89 .elementor-element.elementor-element-b84a14f{width:20%;}.elementor-89 .elementor-element.elementor-element-bc77e41{width:50.789%;}.elementor-89 .elementor-element.elementor-element-e9ff8b0{width:49.124%;}.elementor-89 .elementor-element.elementor-element-fa235dd{width:50%;}.elementor-89 .elementor-element.elementor-element-03fb460{width:50%;}}<\/style>\t\t<div data-elementor-type=\"wp-page\" data-elementor-id=\"89\" class=\"elementor elementor-89\" data-elementor-post-type=\"page\">\n\t\t\t\t\t\t<section class=\"elementor-section elementor-top-section elementor-element elementor-element-9db8a6c elementor-section-full_width elementor-section-stretched elementor-section-height-default elementor-section-height-default\" data-id=\"9db8a6c\" data-element_type=\"section\" data-e-type=\"section\" data-settings=\"{&quot;stretch_section&quot;:&quot;section-stretched&quot;,&quot;background_background&quot;:&quot;classic&quot;}\">\n\t\t\t\t\t\t<div class=\"elementor-container elementor-column-gap-no\">\n\t\t\t\t\t<div class=\"elementor-column elementor-col-100 elementor-top-column elementor-element elementor-element-3a41553\" data-id=\"3a41553\" data-element_type=\"column\" data-e-type=\"column\">\n\t\t\t<div class=\"elementor-widget-wrap elementor-element-populated\">\n\t\t\t\t\t\t<section class=\"elementor-section elementor-inner-section elementor-element elementor-element-97dcae6 elementor-section-boxed elementor-section-height-default elementor-section-height-default\" data-id=\"97dcae6\" data-element_type=\"section\" data-e-type=\"section\">\n\t\t\t\t\t\t<div class=\"elementor-container elementor-column-gap-default\">\n\t\t\t\t\t<div class=\"elementor-column elementor-col-33 elementor-inner-column elementor-element elementor-element-dcde3ce\" data-id=\"dcde3ce\" data-element_type=\"column\" data-e-type=\"column\">\n\t\t\t<div class=\"elementor-widget-wrap\">\n\t\t\t\t\t\t\t<\/div>\n\t\t<\/div>\n\t\t\t\t<div class=\"elementor-column elementor-col-33 elementor-inner-column elementor-element elementor-element-1328a2b\" data-id=\"1328a2b\" data-element_type=\"column\" data-e-type=\"column\">\n\t\t\t<div class=\"elementor-widget-wrap elementor-element-populated\">\n\t\t\t\t\t\t<div class=\"elementor-element elementor-element-f391c27 elementor-widget elementor-widget-spacer\" data-id=\"f391c27\" data-element_type=\"widget\" data-e-type=\"widget\" data-widget_type=\"spacer.default\">\n\t\t\t\t<div class=\"elementor-widget-container\">\n\t\t\t\t\t\t\t<div class=\"elementor-spacer\">\n\t\t\t<div class=\"elementor-spacer-inner\"><\/div>\n\t\t<\/div>\n\t\t\t\t\t\t<\/div>\n\t\t\t\t<\/div>\n\t\t\t\t<div class=\"elementor-element elementor-element-7415afb elementor-widget elementor-widget-spacer\" data-id=\"7415afb\" data-element_type=\"widget\" data-e-type=\"widget\" data-widget_type=\"spacer.default\">\n\t\t\t\t<div class=\"elementor-widget-container\">\n\t\t\t\t\t\t\t<div class=\"elementor-spacer\">\n\t\t\t<div class=\"elementor-spacer-inner\"><\/div>\n\t\t<\/div>\n\t\t\t\t\t\t<\/div>\n\t\t\t\t<\/div>\n\t\t\t\t<div class=\"elementor-element elementor-element-c764bac elementor-widget elementor-widget-spacer\" data-id=\"c764bac\" data-element_type=\"widget\" data-e-type=\"widget\" data-widget_type=\"spacer.default\">\n\t\t\t\t<div class=\"elementor-widget-container\">\n\t\t\t\t\t\t\t<div class=\"elementor-spacer\">\n\t\t\t<div class=\"elementor-spacer-inner\"><\/div>\n\t\t<\/div>\n\t\t\t\t\t\t<\/div>\n\t\t\t\t<\/div>\n\t\t\t\t\t<\/div>\n\t\t<\/div>\n\t\t\t\t<div class=\"elementor-column elementor-col-33 elementor-inner-column elementor-element elementor-element-b84a14f\" data-id=\"b84a14f\" data-element_type=\"column\" data-e-type=\"column\">\n\t\t\t<div class=\"elementor-widget-wrap\">\n\t\t\t\t\t\t\t<\/div>\n\t\t<\/div>\n\t\t\t\t\t<\/div>\n\t\t<\/section>\n\t\t\t\t<div class=\"elementor-element elementor-element-35083a9 elementor-widget elementor-widget-spacer\" data-id=\"35083a9\" data-element_type=\"widget\" data-e-type=\"widget\" data-widget_type=\"spacer.default\">\n\t\t\t\t<div class=\"elementor-widget-container\">\n\t\t\t\t\t\t\t<div class=\"elementor-spacer\">\n\t\t\t<div class=\"elementor-spacer-inner\"><\/div>\n\t\t<\/div>\n\t\t\t\t\t\t<\/div>\n\t\t\t\t<\/div>\n\t\t\t\t\t<\/div>\n\t\t<\/div>\n\t\t\t\t\t<\/div>\n\t\t<\/section>\n\t\t\t\t<section class=\"elementor-section elementor-top-section elementor-element elementor-element-f977ba7 elementor-section-boxed elementor-section-height-default elementor-section-height-default\" data-id=\"f977ba7\" data-element_type=\"section\" data-e-type=\"section\">\n\t\t\t\t\t\t<div class=\"elementor-container elementor-column-gap-default\">\n\t\t\t\t\t<div class=\"elementor-column elementor-col-100 elementor-top-column elementor-element elementor-element-701b1d6\" data-id=\"701b1d6\" data-element_type=\"column\" data-e-type=\"column\">\n\t\t\t<div class=\"elementor-widget-wrap elementor-element-populated\">\n\t\t\t\t\t\t<div class=\"elementor-element elementor-element-3fcbbf5 elementor-widget elementor-widget-heading\" data-id=\"3fcbbf5\" data-element_type=\"widget\" data-e-type=\"widget\" data-widget_type=\"heading.default\">\n\t\t\t\t<div class=\"elementor-widget-container\">\n\t\t\t\t\t<h1 class=\"elementor-heading-title elementor-size-default\">\u00d6lwechsel Kielce<\/h1>\t\t\t\t<\/div>\n\t\t\t\t<\/div>\n\t\t\t\t\t<\/div>\n\t\t<\/div>\n\t\t\t\t\t<\/div>\n\t\t<\/section>\n\t\t\t\t<section class=\"elementor-section elementor-top-section elementor-element elementor-element-f92c8c6 elementor-section-boxed elementor-section-height-default elementor-section-height-default\" data-id=\"f92c8c6\" data-element_type=\"section\" data-e-type=\"section\">\n\t\t\t\t\t\t<div class=\"elementor-container elementor-column-gap-default\">\n\t\t\t\t\t<div class=\"elementor-column elementor-col-50 elementor-top-column elementor-element elementor-element-bc77e41\" data-id=\"bc77e41\" data-element_type=\"column\" data-e-type=\"column\">\n\t\t\t<div class=\"elementor-widget-wrap elementor-element-populated\">\n\t\t\t\t\t\t<div class=\"elementor-element elementor-element-5462c43 elementor-widget elementor-widget-spacer\" data-id=\"5462c43\" data-element_type=\"widget\" data-e-type=\"widget\" data-widget_type=\"spacer.default\">\n\t\t\t\t<div class=\"elementor-widget-container\">\n\t\t\t\t\t\t\t<div class=\"elementor-spacer\">\n\t\t\t<div class=\"elementor-spacer-inner\"><\/div>\n\t\t<\/div>\n\t\t\t\t\t\t<\/div>\n\t\t\t\t<\/div>\n\t\t\t\t<div class=\"elementor-element elementor-element-dfe9dc8 elementor-widget elementor-widget-heading\" data-id=\"dfe9dc8\" data-element_type=\"widget\" data-e-type=\"widget\" data-widget_type=\"heading.default\">\n\t\t\t\t<div class=\"elementor-widget-container\">\n\t\t\t\t\t<h2 class=\"elementor-heading-title elementor-size-default\">Warum ist Motor\u00f6l die wichtigste Betriebsfl\u00fcssigkeit in einem\nAuto?<\/h2>\t\t\t\t<\/div>\n\t\t\t\t<\/div>\n\t\t\t\t<div class=\"elementor-element elementor-element-48b503d elementor-widget elementor-widget-text-editor\" data-id=\"48b503d\" data-element_type=\"widget\" data-e-type=\"widget\" data-widget_type=\"text-editor.default\">\n\t\t\t\t<div class=\"elementor-widget-container\">\n\t\t\t\t\t\t\t\t\t<p>Denn gerade dieses unscheinbare \u00d6l erf\u00fcllt eine Reihe sehr wichtiger Funktionen, unter anderem\u00a0<span style=\"font-family: var( --e-global-typography-text-font-family ), Sans-serif; font-weight: var( --e-global-typography-text-font-weight ); font-size: 1rem;\">umfassen:<\/span><\/p><ul><li>Verl\u00e4ngerung der Lebensdauer des Motors<\/li><li>Schutz vor Korrosion<\/li><li>Verringerung des Motorlaufwiderstands<\/li><li>Aufrechterhaltung der Motorleistung auf einem angemessenen Niveau<\/li><li>Schutz der Motorkomponenten<\/li><li>Reduzierung der Abgasemissionen<\/li><li>Aufrechterhaltung der Verbrennung auf einem angemessenen Niveau<\/li><\/ul><p>Wie Sie sehen k\u00f6nnen - <b>Motor\u00f6l ist unverzichtbar<\/b> und ihr regelm\u00e4\u00dfiger Austausch ist eine der wichtigsten Wartungsma\u00dfnahmen.<\/p>\t\t\t\t\t\t\t\t<\/div>\n\t\t\t\t<\/div>\n\t\t\t\t\t<\/div>\n\t\t<\/div>\n\t\t\t\t<div class=\"elementor-column elementor-col-50 elementor-top-column elementor-element elementor-element-e9ff8b0\" data-id=\"e9ff8b0\" data-element_type=\"column\" data-e-type=\"column\">\n\t\t\t<div class=\"elementor-widget-wrap elementor-element-populated\">\n\t\t\t\t\t\t<div class=\"elementor-element elementor-element-7e35089 elementor-widget elementor-widget-image\" data-id=\"7e35089\" data-element_type=\"widget\" data-e-type=\"widget\" data-widget_type=\"image.default\">\n\t\t\t\t<div class=\"elementor-widget-container\">\n\t\t\t\t\t\t\t\t\t\t\t\t\t\t\t<img fetchpriority=\"high\" decoding=\"async\" width=\"768\" height=\"768\" src=\"https:\/\/techoil.com.pl\/wp-content\/uploads\/2022\/08\/Untitled-design-2022-08-19T013155.318-768x768.png\" class=\"attachment-medium_large size-medium_large wp-image-526\" alt=\"\" srcset=\"https:\/\/techoil.com.pl\/wp-content\/uploads\/2022\/08\/Untitled-design-2022-08-19T013155.318-768x768.png 768w, https:\/\/techoil.com.pl\/wp-content\/uploads\/2022\/08\/Untitled-design-2022-08-19T013155.318-300x300.png 300w, https:\/\/techoil.com.pl\/wp-content\/uploads\/2022\/08\/Untitled-design-2022-08-19T013155.318-1024x1024.png 1024w, https:\/\/techoil.com.pl\/wp-content\/uploads\/2022\/08\/Untitled-design-2022-08-19T013155.318-150x150.png 150w, https:\/\/techoil.com.pl\/wp-content\/uploads\/2022\/08\/Untitled-design-2022-08-19T013155.318.png 1080w\" sizes=\"(max-width: 768px) 100vw, 768px\" title=\"\">\t\t\t\t\t\t\t\t\t\t\t\t\t\t\t<\/div>\n\t\t\t\t<\/div>\n\t\t\t\t\t<\/div>\n\t\t<\/div>\n\t\t\t\t\t<\/div>\n\t\t<\/section>\n\t\t\t\t<section class=\"elementor-section elementor-top-section elementor-element elementor-element-0f7ea43 elementor-section-boxed elementor-section-height-default elementor-section-height-default\" data-id=\"0f7ea43\" data-element_type=\"section\" data-e-type=\"section\">\n\t\t\t\t\t\t<div class=\"elementor-container elementor-column-gap-default\">\n\t\t\t\t\t<div class=\"elementor-column elementor-col-50 elementor-top-column elementor-element elementor-element-fa235dd\" data-id=\"fa235dd\" data-element_type=\"column\" data-e-type=\"column\">\n\t\t\t<div class=\"elementor-widget-wrap elementor-element-populated\">\n\t\t\t\t\t\t<div class=\"elementor-element elementor-element-f98ed81 elementor-widget elementor-widget-image\" data-id=\"f98ed81\" data-element_type=\"widget\" data-e-type=\"widget\" data-widget_type=\"image.default\">\n\t\t\t\t<div class=\"elementor-widget-container\">\n\t\t\t\t\t\t\t\t\t\t\t\t\t\t\t<img decoding=\"async\" width=\"800\" height=\"800\" src=\"https:\/\/techoil.com.pl\/wp-content\/uploads\/2022\/08\/Untitled-design-2022-08-19T013518.001-1024x1024.png\" class=\"attachment-large size-large wp-image-530\" alt=\"\" srcset=\"https:\/\/techoil.com.pl\/wp-content\/uploads\/2022\/08\/Untitled-design-2022-08-19T013518.001-1024x1024.png 1024w, https:\/\/techoil.com.pl\/wp-content\/uploads\/2022\/08\/Untitled-design-2022-08-19T013518.001-300x300.png 300w, https:\/\/techoil.com.pl\/wp-content\/uploads\/2022\/08\/Untitled-design-2022-08-19T013518.001-150x150.png 150w, https:\/\/techoil.com.pl\/wp-content\/uploads\/2022\/08\/Untitled-design-2022-08-19T013518.001-768x768.png 768w, https:\/\/techoil.com.pl\/wp-content\/uploads\/2022\/08\/Untitled-design-2022-08-19T013518.001.png 1080w\" sizes=\"(max-width: 800px) 100vw, 800px\" title=\"\">\t\t\t\t\t\t\t\t\t\t\t\t\t\t\t<\/div>\n\t\t\t\t<\/div>\n\t\t\t\t\t<\/div>\n\t\t<\/div>\n\t\t\t\t<div class=\"elementor-column elementor-col-50 elementor-top-column elementor-element elementor-element-03fb460\" data-id=\"03fb460\" data-element_type=\"column\" data-e-type=\"column\">\n\t\t\t<div class=\"elementor-widget-wrap elementor-element-populated\">\n\t\t\t\t\t\t<div class=\"elementor-element elementor-element-cb655a6 elementor-widget elementor-widget-spacer\" data-id=\"cb655a6\" data-element_type=\"widget\" data-e-type=\"widget\" data-widget_type=\"spacer.default\">\n\t\t\t\t<div class=\"elementor-widget-container\">\n\t\t\t\t\t\t\t<div class=\"elementor-spacer\">\n\t\t\t<div class=\"elementor-spacer-inner\"><\/div>\n\t\t<\/div>\n\t\t\t\t\t\t<\/div>\n\t\t\t\t<\/div>\n\t\t\t\t<div class=\"elementor-element elementor-element-3a70efe elementor-widget elementor-widget-heading\" data-id=\"3a70efe\" data-element_type=\"widget\" data-e-type=\"widget\" data-widget_type=\"heading.default\">\n\t\t\t\t<div class=\"elementor-widget-container\">\n\t\t\t\t\t<h2 class=\"elementor-heading-title elementor-size-default\">Was passiert, wenn ich es vers\u00e4ume, das \u00d6l zu wechseln?<\/h2>\t\t\t\t<\/div>\n\t\t\t\t<\/div>\n\t\t\t\t<div class=\"elementor-element elementor-element-a39f7ea elementor-widget elementor-widget-text-editor\" data-id=\"a39f7ea\" data-element_type=\"widget\" data-e-type=\"widget\" data-widget_type=\"text-editor.default\">\n\t\t\t\t<div class=\"elementor-widget-container\">\n\t\t\t\t\t\t\t\t\t<p>Damit entgehen Ihnen automatisch alle oben genannten Vorteile, und das sollte Sie schon \u00fcberzeugen, Ihr \u00d6l regelm\u00e4\u00dfig zu wechseln. Aber nehmen wir einmal an, dass Sie solche Argumente nicht \u00fcberzeugen - in diesem Fall werden Sie fr\u00fcher oder sp\u00e4ter mit den Konsequenzen konfrontiert, zum Beispiel:<\/p><ul><li>Zerst\u00f6rung der Pfanne<\/li><li>Zerst\u00f6rung des Kurbel-Kolben-Systems<\/li><li>Beschlagnahmung des Motorrads<\/li><\/ul><p>Dies sind einige der Fehler, die Sie treffen k\u00f6nnen, wenn Sie es vers\u00e4umen, Ihr Motor\u00f6l zu wechseln. Die Kosten f\u00fcr die Behebung der oben genannten M\u00e4ngel h\u00e4ngen vom Fahrzeugmodell ab, aber allgemein kann man sagen, dass Sie mindestens 1.000 PLN in der Werkstatt lassen m\u00fcssen, und die Obergrenze h\u00e4ngt vom Ausma\u00df des Schadens ab - bei schweren Sch\u00e4den k\u00f6nnen die Kosten mehrere zehntausend polnische Zloty erreichen.<\/p>\t\t\t\t\t\t\t\t<\/div>\n\t\t\t\t<\/div>\n\t\t\t\t\t<\/div>\n\t\t<\/div>\n\t\t\t\t\t<\/div>\n\t\t<\/section>\n\t\t\t\t<section class=\"elementor-section elementor-top-section elementor-element elementor-element-f15f398 elementor-section-boxed elementor-section-height-default elementor-section-height-default\" data-id=\"f15f398\" data-element_type=\"section\" data-e-type=\"section\">\n\t\t\t\t\t\t<div class=\"elementor-container elementor-column-gap-default\">\n\t\t\t\t\t<div class=\"elementor-column elementor-col-50 elementor-top-column elementor-element elementor-element-2eca48f\" data-id=\"2eca48f\" data-element_type=\"column\" data-e-type=\"column\">\n\t\t\t<div class=\"elementor-widget-wrap elementor-element-populated\">\n\t\t\t\t\t\t<div class=\"elementor-element elementor-element-86d7fd0 elementor-widget elementor-widget-heading\" data-id=\"86d7fd0\" data-element_type=\"widget\" data-e-type=\"widget\" data-widget_type=\"heading.default\">\n\t\t\t\t<div class=\"elementor-widget-container\">\n\t\t\t\t\t<h2 class=\"elementor-heading-title elementor-size-default\">Wie oft sollte das \u00d6l gewechselt werden?<\/h2>\t\t\t\t<\/div>\n\t\t\t\t<\/div>\n\t\t\t\t<div class=\"elementor-element elementor-element-0d03544 elementor-widget elementor-widget-text-editor\" data-id=\"0d03544\" data-element_type=\"widget\" data-e-type=\"widget\" data-widget_type=\"text-editor.default\">\n\t\t\t\t<div class=\"elementor-widget-container\">\n\t\t\t\t\t\t\t\t\t<p>Diese Frage h\u00e4ngt in erster Linie von der Marke des Fahrzeugs ab, aber Sie sollten auch Ihre&nbsp;<b>Stil der Autonutzung.&nbsp;<\/b>Wenn Sie haupts\u00e4chlich fahren&nbsp;<b>pomme<\/b> - Wir empfehlen einen \u00d6lwechsel alle 10.000-12.000 Kilometer. Wenn Sie Ihr Fahrzeug haupts\u00e4chlich au\u00dferhalb der Stadt nutzen, w\u00e4re ein Wechsel alle 15.000 Kilometer die optimale Wahl. Wir raten dringend davon ab, den aktuellen pseudo-\u00f6kologischen Trends Rechnung zu tragen - immer h\u00e4ufiger empfehlen die Hersteller einen \u00d6lwechsel alle ~30.000 Kilometer. Befolgen Sie diese Empfehlung nur <b>bringt uns n\u00e4her an die oben beschriebenen Ausgaben heran.<\/b><\/p>\t\t\t\t\t\t\t\t<\/div>\n\t\t\t\t<\/div>\n\t\t\t\t<section class=\"elementor-section elementor-inner-section elementor-element elementor-element-e93de32 elementor-section-boxed elementor-section-height-default elementor-section-height-default\" data-id=\"e93de32\" data-element_type=\"section\" data-e-type=\"section\">\n\t\t\t\t\t\t<div class=\"elementor-container elementor-column-gap-default\">\n\t\t\t\t\t<div class=\"elementor-column elementor-col-50 elementor-inner-column elementor-element elementor-element-7ef484f\" data-id=\"7ef484f\" data-element_type=\"column\" data-e-type=\"column\">\n\t\t\t<div class=\"elementor-widget-wrap elementor-element-populated\">\n\t\t\t\t\t\t<div class=\"elementor-element elementor-element-8708fc2 elementor-widget elementor-widget-image\" data-id=\"8708fc2\" data-element_type=\"widget\" data-e-type=\"widget\" data-widget_type=\"image.default\">\n\t\t\t\t<div class=\"elementor-widget-container\">\n\t\t\t\t\t\t\t\t\t\t\t\t\t\t\t<img decoding=\"async\" width=\"800\" height=\"800\" src=\"https:\/\/techoil.com.pl\/wp-content\/uploads\/2022\/10\/Untitled-design-68-1024x1024.png\" class=\"attachment-large size-large wp-image-1053\" alt=\"\" srcset=\"https:\/\/techoil.com.pl\/wp-content\/uploads\/2022\/10\/Untitled-design-68-1024x1024.png 1024w, https:\/\/techoil.com.pl\/wp-content\/uploads\/2022\/10\/Untitled-design-68-300x300.png 300w, https:\/\/techoil.com.pl\/wp-content\/uploads\/2022\/10\/Untitled-design-68-150x150.png 150w, https:\/\/techoil.com.pl\/wp-content\/uploads\/2022\/10\/Untitled-design-68-768x768.png 768w, https:\/\/techoil.com.pl\/wp-content\/uploads\/2022\/10\/Untitled-design-68.png 1080w\" sizes=\"(max-width: 800px) 100vw, 800px\" title=\"\">\t\t\t\t\t\t\t\t\t\t\t\t\t\t\t<\/div>\n\t\t\t\t<\/div>\n\t\t\t\t\t<\/div>\n\t\t<\/div>\n\t\t\t\t<div class=\"elementor-column elementor-col-50 elementor-inner-column elementor-element elementor-element-606b773\" data-id=\"606b773\" data-element_type=\"column\" data-e-type=\"column\">\n\t\t\t<div class=\"elementor-widget-wrap elementor-element-populated\">\n\t\t\t\t\t\t<div class=\"elementor-element elementor-element-3f5a9bb elementor-widget elementor-widget-image\" data-id=\"3f5a9bb\" data-element_type=\"widget\" data-e-type=\"widget\" data-widget_type=\"image.default\">\n\t\t\t\t<div class=\"elementor-widget-container\">\n\t\t\t\t\t\t\t\t\t\t\t\t\t\t\t<img loading=\"lazy\" decoding=\"async\" width=\"300\" height=\"300\" src=\"https:\/\/techoil.com.pl\/wp-content\/uploads\/2022\/10\/Untitled-design-67-300x300.png\" class=\"attachment-medium size-medium wp-image-1054\" alt=\"\" srcset=\"https:\/\/techoil.com.pl\/wp-content\/uploads\/2022\/10\/Untitled-design-67-300x300.png 300w, https:\/\/techoil.com.pl\/wp-content\/uploads\/2022\/10\/Untitled-design-67-1024x1024.png 1024w, https:\/\/techoil.com.pl\/wp-content\/uploads\/2022\/10\/Untitled-design-67-150x150.png 150w, https:\/\/techoil.com.pl\/wp-content\/uploads\/2022\/10\/Untitled-design-67-768x768.png 768w, https:\/\/techoil.com.pl\/wp-content\/uploads\/2022\/10\/Untitled-design-67.png 1080w\" sizes=\"(max-width: 300px) 100vw, 300px\" title=\"\">\t\t\t\t\t\t\t\t\t\t\t\t\t\t\t<\/div>\n\t\t\t\t<\/div>\n\t\t\t\t\t<\/div>\n\t\t<\/div>\n\t\t\t\t\t<\/div>\n\t\t<\/section>\n\t\t\t\t\t<\/div>\n\t\t<\/div>\n\t\t\t\t<div class=\"elementor-column elementor-col-50 elementor-top-column elementor-element elementor-element-23f6484\" data-id=\"23f6484\" data-element_type=\"column\" data-e-type=\"column\">\n\t\t\t<div class=\"elementor-widget-wrap elementor-element-populated\">\n\t\t\t\t\t\t<div class=\"elementor-element elementor-element-aaf94be elementor-widget elementor-widget-image\" data-id=\"aaf94be\" data-element_type=\"widget\" data-e-type=\"widget\" data-widget_type=\"image.default\">\n\t\t\t\t<div class=\"elementor-widget-container\">\n\t\t\t\t\t\t\t\t\t\t\t\t\t\t\t<img loading=\"lazy\" decoding=\"async\" width=\"800\" height=\"800\" src=\"https:\/\/techoil.com.pl\/wp-content\/uploads\/2022\/08\/Untitled-design-2022-08-19T013839.886-1024x1024.png\" class=\"attachment-large size-large wp-image-537\" alt=\"\" srcset=\"https:\/\/techoil.com.pl\/wp-content\/uploads\/2022\/08\/Untitled-design-2022-08-19T013839.886-1024x1024.png 1024w, https:\/\/techoil.com.pl\/wp-content\/uploads\/2022\/08\/Untitled-design-2022-08-19T013839.886-300x300.png 300w, https:\/\/techoil.com.pl\/wp-content\/uploads\/2022\/08\/Untitled-design-2022-08-19T013839.886-150x150.png 150w, https:\/\/techoil.com.pl\/wp-content\/uploads\/2022\/08\/Untitled-design-2022-08-19T013839.886-768x768.png 768w, https:\/\/techoil.com.pl\/wp-content\/uploads\/2022\/08\/Untitled-design-2022-08-19T013839.886.png 1080w\" sizes=\"(max-width: 800px) 100vw, 800px\" title=\"\">\t\t\t\t\t\t\t\t\t\t\t\t\t\t\t<\/div>\n\t\t\t\t<\/div>\n\t\t\t\t\t<\/div>\n\t\t<\/div>\n\t\t\t\t\t<\/div>\n\t\t<\/section>\n\t\t\t\t<\/div>","protected":false},"excerpt":{"rendered":"<p>Wymiana Oleju Kielce Dlaczego olej silnikowy to najwa\u017cniejszy p\u0142yn eksploatacyjny w samochodzie? Poniewa\u017c to w\u0142a\u015bnie ten niepozorny olej spe\u0142nia szereg bardzo istotnych funkcji, do kt\u00f3rych\u00a0zaliczamy: wyd\u0142u\u017cenie \u017cywotno\u015bci silnika ochron\u0119 przed korozj\u0105 redukcj\u0119 opor\u00f3w pracy silnika utrzymywanie wydajno\u015bci silnika na odpowiednim poziomie ochron\u0119 podzespo\u0142\u00f3w silnika zmniejszenie emisji spalin utrzymywanie spalania na odpowiednim poziomie Jak wida\u0107 \u2013 [&hellip;]<\/p>\n","protected":false},"author":1,"featured_media":0,"parent":0,"menu_order":0,"comment_status":"closed","ping_status":"closed","template":"","meta":{"_eb_attr":"","footnotes":""},"class_list":["post-89","page","type-page","status-publish","hentry"],"_links":{"self":[{"href":"https:\/\/techoil.com.pl\/de\/wp-json\/wp\/v2\/pages\/89","targetHints":{"allow":["GET"]}}],"collection":[{"href":"https:\/\/techoil.com.pl\/de\/wp-json\/wp\/v2\/pages"}],"about":[{"href":"https:\/\/techoil.com.pl\/de\/wp-json\/wp\/v2\/types\/page"}],"author":[{"embeddable":true,"href":"https:\/\/techoil.com.pl\/de\/wp-json\/wp\/v2\/users\/1"}],"replies":[{"embeddable":true,"href":"https:\/\/techoil.com.pl\/de\/wp-json\/wp\/v2\/comments?post=89"}],"version-history":[{"count":0,"href":"https:\/\/techoil.com.pl\/de\/wp-json\/wp\/v2\/pages\/89\/revisions"}],"wp:attachment":[{"href":"https:\/\/techoil.com.pl\/de\/wp-json\/wp\/v2\/media?parent=89"}],"curies":[{"name":"wp","href":"https:\/\/api.w.org\/{rel}","templated":true}]}}