{"id":292,"date":"2022-08-16T12:43:14","date_gmt":"2022-08-16T10:43:14","guid":{"rendered":"https:\/\/techoil.com.pl\/?page_id=292"},"modified":"2025-07-09T13:44:45","modified_gmt":"2025-07-09T11:44:45","slug":"reparatur-von-lastkraftwagen-kielce","status":"publish","type":"page","link":"https:\/\/techoil.com.pl\/de\/reparatur-von-lastkraftwagen-kielce\/","title":{"rendered":"Reparatur von Lastkraftwagen"},"content":{"rendered":"<style>.elementor-292 .elementor-element.elementor-element-d58b0ef:not(.elementor-motion-effects-element-type-background), .elementor-292 .elementor-element.elementor-element-d58b0ef > .elementor-motion-effects-container > .elementor-motion-effects-layer{background-image:url(\"https:\/\/techoil.com.pl\/wp-content\/uploads\/2022\/08\/Untitled-design-2022-08-17T163001.938.png\");background-position:center center;background-repeat:no-repeat;background-size:cover;}.elementor-292 .elementor-element.elementor-element-d58b0ef{transition:background 0.3s, border 0.3s, border-radius 0.3s, box-shadow 0.3s;}.elementor-292 .elementor-element.elementor-element-d58b0ef > .elementor-background-overlay{transition:background 0.3s, border-radius 0.3s, opacity 0.3s;}.elementor-292 .elementor-element.elementor-element-290e35c{--spacer-size:98px;}.elementor-292 .elementor-element.elementor-element-05cd30d{text-align:center;}.elementor-292 .elementor-element.elementor-element-05cd30d .elementor-heading-title{font-family:\"Open Sans\", Sans-serif;font-size:48px;font-weight:600;color:#FFFFFF;}.elementor-292 .elementor-element.elementor-element-af7c272{--spacer-size:37px;}.elementor-292 .elementor-element.elementor-element-f2c7dac{--spacer-size:10px;}.elementor-292 .elementor-element.elementor-element-0a55b5c{--spacer-size:50px;}.elementor-292 .elementor-element.elementor-element-0c47040{--spacer-size:10px;}.elementor-292 .elementor-element.elementor-element-b06f9fc{text-align:start;}.elementor-292 .elementor-element.elementor-element-b06f9fc .elementor-heading-title{font-family:\"Open Sans\", Sans-serif;font-size:32px;font-weight:600;color:#000000;}.elementor-292 .elementor-element.elementor-element-c2db28f{font-family:\"Open Sans\", Sans-serif;font-size:16px;font-weight:400;line-height:32px;color:#000000;}.elementor-292 .elementor-element.elementor-element-b7a544f{--spacer-size:10px;}.elementor-292 .elementor-element.elementor-element-4118834{text-align:start;}.elementor-292 .elementor-element.elementor-element-4118834 .elementor-heading-title{font-family:\"Open Sans\", Sans-serif;font-size:32px;font-weight:600;color:#000000;}.elementor-292 .elementor-element.elementor-element-930f0de{font-family:\"Open Sans\", Sans-serif;font-size:16px;font-weight:400;line-height:24px;color:#000000;}.elementor-292 .elementor-element.elementor-element-0d68ea2{--spacer-size:10px;}.elementor-292 .elementor-element.elementor-element-550c483{text-align:start;}.elementor-292 .elementor-element.elementor-element-550c483 .elementor-heading-title{font-family:\"Open Sans\", Sans-serif;font-size:32px;font-weight:600;color:#000000;}.elementor-292 .elementor-element.elementor-element-0c2c3ed{font-family:\"Open Sans\", Sans-serif;font-size:16px;font-weight:400;line-height:24px;color:#000000;}.elementor-292 .elementor-element.elementor-element-aa8a6b8{--spacer-size:10px;}.elementor-292 .elementor-element.elementor-element-b8c8d84{text-align:start;}.elementor-292 .elementor-element.elementor-element-b8c8d84 .elementor-heading-title{font-family:\"Open Sans\", Sans-serif;font-size:32px;font-weight:600;color:#000000;}.elementor-292 .elementor-element.elementor-element-cae9a88{font-family:\"Open Sans\", Sans-serif;font-size:16px;font-weight:400;line-height:24px;color:#000000;}:root{--page-title-display:none;}@media(min-width:768px){.elementor-292 .elementor-element.elementor-element-8c26708{width:20%;}.elementor-292 .elementor-element.elementor-element-41a39d4{width:59.332%;}.elementor-292 .elementor-element.elementor-element-1987b2f{width:20%;}}<\/style>\t\t<div data-elementor-type=\"wp-page\" data-elementor-id=\"292\" class=\"elementor elementor-292\" data-elementor-post-type=\"page\">\n\t\t\t\t\t\t<section class=\"elementor-section elementor-top-section elementor-element elementor-element-d58b0ef elementor-section-full_width elementor-section-stretched elementor-section-height-default elementor-section-height-default\" data-id=\"d58b0ef\" data-element_type=\"section\" data-e-type=\"section\" data-settings=\"{&quot;stretch_section&quot;:&quot;section-stretched&quot;,&quot;background_background&quot;:&quot;classic&quot;}\">\n\t\t\t\t\t\t<div class=\"elementor-container elementor-column-gap-no\">\n\t\t\t\t\t<div class=\"elementor-column elementor-col-100 elementor-top-column elementor-element elementor-element-a4df426\" data-id=\"a4df426\" data-element_type=\"column\" data-e-type=\"column\">\n\t\t\t<div class=\"elementor-widget-wrap elementor-element-populated\">\n\t\t\t\t\t\t<section class=\"elementor-section elementor-inner-section elementor-element elementor-element-696c7c3 elementor-section-boxed elementor-section-height-default elementor-section-height-default\" data-id=\"696c7c3\" data-element_type=\"section\" data-e-type=\"section\">\n\t\t\t\t\t\t<div class=\"elementor-container elementor-column-gap-default\">\n\t\t\t\t\t<div class=\"elementor-column elementor-col-33 elementor-inner-column elementor-element elementor-element-8c26708\" data-id=\"8c26708\" data-element_type=\"column\" data-e-type=\"column\">\n\t\t\t<div class=\"elementor-widget-wrap\">\n\t\t\t\t\t\t\t<\/div>\n\t\t<\/div>\n\t\t\t\t<div class=\"elementor-column elementor-col-33 elementor-inner-column elementor-element elementor-element-41a39d4\" data-id=\"41a39d4\" data-element_type=\"column\" data-e-type=\"column\">\n\t\t\t<div class=\"elementor-widget-wrap elementor-element-populated\">\n\t\t\t\t\t\t<div class=\"elementor-element elementor-element-290e35c elementor-widget elementor-widget-spacer\" data-id=\"290e35c\" data-element_type=\"widget\" data-e-type=\"widget\" data-widget_type=\"spacer.default\">\n\t\t\t\t<div class=\"elementor-widget-container\">\n\t\t\t\t\t\t\t<div class=\"elementor-spacer\">\n\t\t\t<div class=\"elementor-spacer-inner\"><\/div>\n\t\t<\/div>\n\t\t\t\t\t\t<\/div>\n\t\t\t\t<\/div>\n\t\t\t\t<div class=\"elementor-element elementor-element-05cd30d elementor-widget elementor-widget-heading\" data-id=\"05cd30d\" data-element_type=\"widget\" data-e-type=\"widget\" data-widget_type=\"heading.default\">\n\t\t\t\t<div class=\"elementor-widget-container\">\n\t\t\t\t\t<h2 class=\"elementor-heading-title elementor-size-default\">Naprawa Tirow \u2013 Kielce<\/h2>\t\t\t\t<\/div>\n\t\t\t\t<\/div>\n\t\t\t\t<div class=\"elementor-element elementor-element-af7c272 elementor-widget elementor-widget-spacer\" data-id=\"af7c272\" data-element_type=\"widget\" data-e-type=\"widget\" data-widget_type=\"spacer.default\">\n\t\t\t\t<div class=\"elementor-widget-container\">\n\t\t\t\t\t\t\t<div class=\"elementor-spacer\">\n\t\t\t<div class=\"elementor-spacer-inner\"><\/div>\n\t\t<\/div>\n\t\t\t\t\t\t<\/div>\n\t\t\t\t<\/div>\n\t\t\t\t<div class=\"elementor-element elementor-element-f2c7dac elementor-widget elementor-widget-spacer\" data-id=\"f2c7dac\" data-element_type=\"widget\" data-e-type=\"widget\" data-widget_type=\"spacer.default\">\n\t\t\t\t<div class=\"elementor-widget-container\">\n\t\t\t\t\t\t\t<div class=\"elementor-spacer\">\n\t\t\t<div class=\"elementor-spacer-inner\"><\/div>\n\t\t<\/div>\n\t\t\t\t\t\t<\/div>\n\t\t\t\t<\/div>\n\t\t\t\t\t<\/div>\n\t\t<\/div>\n\t\t\t\t<div class=\"elementor-column elementor-col-33 elementor-inner-column elementor-element elementor-element-1987b2f\" data-id=\"1987b2f\" data-element_type=\"column\" data-e-type=\"column\">\n\t\t\t<div class=\"elementor-widget-wrap\">\n\t\t\t\t\t\t\t<\/div>\n\t\t<\/div>\n\t\t\t\t\t<\/div>\n\t\t<\/section>\n\t\t\t\t<div class=\"elementor-element elementor-element-0a55b5c elementor-widget elementor-widget-spacer\" data-id=\"0a55b5c\" data-element_type=\"widget\" data-e-type=\"widget\" data-widget_type=\"spacer.default\">\n\t\t\t\t<div class=\"elementor-widget-container\">\n\t\t\t\t\t\t\t<div class=\"elementor-spacer\">\n\t\t\t<div class=\"elementor-spacer-inner\"><\/div>\n\t\t<\/div>\n\t\t\t\t\t\t<\/div>\n\t\t\t\t<\/div>\n\t\t\t\t\t<\/div>\n\t\t<\/div>\n\t\t\t\t\t<\/div>\n\t\t<\/section>\n\t\t\t\t<section class=\"elementor-section elementor-top-section elementor-element elementor-element-7cb4360 elementor-section-boxed elementor-section-height-default elementor-section-height-default\" data-id=\"7cb4360\" data-element_type=\"section\" data-e-type=\"section\">\n\t\t\t\t\t\t<div class=\"elementor-container elementor-column-gap-default\">\n\t\t\t\t\t<div class=\"elementor-column elementor-col-50 elementor-top-column elementor-element elementor-element-a6600ca\" data-id=\"a6600ca\" data-element_type=\"column\" data-e-type=\"column\">\n\t\t\t<div class=\"elementor-widget-wrap elementor-element-populated\">\n\t\t\t\t\t\t<div class=\"elementor-element elementor-element-0c47040 elementor-widget elementor-widget-spacer\" data-id=\"0c47040\" data-element_type=\"widget\" data-e-type=\"widget\" data-widget_type=\"spacer.default\">\n\t\t\t\t<div class=\"elementor-widget-container\">\n\t\t\t\t\t\t\t<div class=\"elementor-spacer\">\n\t\t\t<div class=\"elementor-spacer-inner\"><\/div>\n\t\t<\/div>\n\t\t\t\t\t\t<\/div>\n\t\t\t\t<\/div>\n\t\t\t\t<div class=\"elementor-element elementor-element-b06f9fc elementor-widget elementor-widget-heading\" data-id=\"b06f9fc\" data-element_type=\"widget\" data-e-type=\"widget\" data-widget_type=\"heading.default\">\n\t\t\t\t<div class=\"elementor-widget-container\">\n\t\t\t\t\t<h2 class=\"elementor-heading-title elementor-size-default\">Was umfasst die technische \u00dcberwachung des Lastkraftwagens?<\/h2>\t\t\t\t<\/div>\n\t\t\t\t<\/div>\n\t\t\t\t<div class=\"elementor-element elementor-element-c2db28f elementor-widget elementor-widget-text-editor\" data-id=\"c2db28f\" data-element_type=\"widget\" data-e-type=\"widget\" data-widget_type=\"text-editor.default\">\n\t\t\t\t<div class=\"elementor-widget-container\">\n\t\t\t\t\t\t\t\t\t<p>Der Einsatzbereich ist fast identisch mit dem eines PKWs, so dass der Pr\u00fcfer kontrolliert:<\/p><ul><li>Reifen und Reifen<\/li><li>Bet\u00e4tigung der Bremsen<\/li><li>Lenkungsleistung<\/li><li>\u00dcbereinstimmung der VIN-Nummer mit der Nummer auf der Zulassungsbescheinigung<\/li><li>Karosseriezustand<\/li><li>Zustand der Aussetzung<\/li><li>Motorbetrieb<\/li><li>Beleuchtungsbetrieb<\/li><li>Effizienz und Lautst\u00e4rke der Auspuffanlage<\/li><li>Sicherheitsgurte<\/li><li>Vorhandensein zus\u00e4tzlicher Ausr\u00fcstung - Warndreieck, Feuerl\u00f6scher<\/li><\/ul>\t\t\t\t\t\t\t\t<\/div>\n\t\t\t\t<\/div>\n\t\t\t\t\t<\/div>\n\t\t<\/div>\n\t\t\t\t<div class=\"elementor-column elementor-col-50 elementor-top-column elementor-element elementor-element-a754b1d\" data-id=\"a754b1d\" data-element_type=\"column\" data-e-type=\"column\">\n\t\t\t<div class=\"elementor-widget-wrap elementor-element-populated\">\n\t\t\t\t\t\t<div class=\"elementor-element elementor-element-18bc107 elementor-widget elementor-widget-image\" data-id=\"18bc107\" data-element_type=\"widget\" data-e-type=\"widget\" data-widget_type=\"image.default\">\n\t\t\t\t<div class=\"elementor-widget-container\">\n\t\t\t\t\t\t\t\t\t\t\t\t\t\t\t<img fetchpriority=\"high\" decoding=\"async\" width=\"800\" height=\"800\" src=\"https:\/\/techoil.com.pl\/wp-content\/uploads\/2022\/08\/computer-diagnostics-11-1024x1024.png\" class=\"attachment-large size-large wp-image-622\" alt=\"\" srcset=\"https:\/\/techoil.com.pl\/wp-content\/uploads\/2022\/08\/computer-diagnostics-11-1024x1024.png 1024w, https:\/\/techoil.com.pl\/wp-content\/uploads\/2022\/08\/computer-diagnostics-11-300x300.png 300w, https:\/\/techoil.com.pl\/wp-content\/uploads\/2022\/08\/computer-diagnostics-11-150x150.png 150w, https:\/\/techoil.com.pl\/wp-content\/uploads\/2022\/08\/computer-diagnostics-11-768x768.png 768w, https:\/\/techoil.com.pl\/wp-content\/uploads\/2022\/08\/computer-diagnostics-11.png 1080w\" sizes=\"(max-width: 800px) 100vw, 800px\" title=\"\">\t\t\t\t\t\t\t\t\t\t\t\t\t\t\t<\/div>\n\t\t\t\t<\/div>\n\t\t\t\t\t<\/div>\n\t\t<\/div>\n\t\t\t\t\t<\/div>\n\t\t<\/section>\n\t\t\t\t<section class=\"elementor-section elementor-top-section elementor-element elementor-element-15578fb elementor-section-boxed elementor-section-height-default elementor-section-height-default\" data-id=\"15578fb\" data-element_type=\"section\" data-e-type=\"section\">\n\t\t\t\t\t\t<div class=\"elementor-container elementor-column-gap-default\">\n\t\t\t\t\t<div class=\"elementor-column elementor-col-50 elementor-top-column elementor-element elementor-element-9cbfb5a\" data-id=\"9cbfb5a\" data-element_type=\"column\" data-e-type=\"column\">\n\t\t\t<div class=\"elementor-widget-wrap elementor-element-populated\">\n\t\t\t\t\t\t<div class=\"elementor-element elementor-element-7c88d39 elementor-widget elementor-widget-image\" data-id=\"7c88d39\" data-element_type=\"widget\" data-e-type=\"widget\" data-widget_type=\"image.default\">\n\t\t\t\t<div class=\"elementor-widget-container\">\n\t\t\t\t\t\t\t\t\t\t\t\t\t\t\t<img decoding=\"async\" width=\"800\" height=\"800\" src=\"https:\/\/techoil.com.pl\/wp-content\/uploads\/2022\/08\/computer-diagnostics-12-1024x1024.png\" class=\"attachment-large size-large wp-image-626\" alt=\"\" srcset=\"https:\/\/techoil.com.pl\/wp-content\/uploads\/2022\/08\/computer-diagnostics-12-1024x1024.png 1024w, https:\/\/techoil.com.pl\/wp-content\/uploads\/2022\/08\/computer-diagnostics-12-300x300.png 300w, https:\/\/techoil.com.pl\/wp-content\/uploads\/2022\/08\/computer-diagnostics-12-150x150.png 150w, https:\/\/techoil.com.pl\/wp-content\/uploads\/2022\/08\/computer-diagnostics-12-768x768.png 768w, https:\/\/techoil.com.pl\/wp-content\/uploads\/2022\/08\/computer-diagnostics-12.png 1080w\" sizes=\"(max-width: 800px) 100vw, 800px\" title=\"\">\t\t\t\t\t\t\t\t\t\t\t\t\t\t\t<\/div>\n\t\t\t\t<\/div>\n\t\t\t\t\t<\/div>\n\t\t<\/div>\n\t\t\t\t<div class=\"elementor-column elementor-col-50 elementor-top-column elementor-element elementor-element-83b80da\" data-id=\"83b80da\" data-element_type=\"column\" data-e-type=\"column\">\n\t\t\t<div class=\"elementor-widget-wrap elementor-element-populated\">\n\t\t\t\t\t\t<div class=\"elementor-element elementor-element-b7a544f elementor-widget elementor-widget-spacer\" data-id=\"b7a544f\" data-element_type=\"widget\" data-e-type=\"widget\" data-widget_type=\"spacer.default\">\n\t\t\t\t<div class=\"elementor-widget-container\">\n\t\t\t\t\t\t\t<div class=\"elementor-spacer\">\n\t\t\t<div class=\"elementor-spacer-inner\"><\/div>\n\t\t<\/div>\n\t\t\t\t\t\t<\/div>\n\t\t\t\t<\/div>\n\t\t\t\t<div class=\"elementor-element elementor-element-4118834 elementor-widget elementor-widget-heading\" data-id=\"4118834\" data-element_type=\"widget\" data-e-type=\"widget\" data-widget_type=\"heading.default\">\n\t\t\t\t<div class=\"elementor-widget-container\">\n\t\t\t\t\t<h2 class=\"elementor-heading-title elementor-size-default\">Obligatorische periodische technische \u00dcberwachung - in unregelm\u00e4\u00dfigen Abst\u00e4nden?<\/h2>\t\t\t\t<\/div>\n\t\t\t\t<\/div>\n\t\t\t\t<div class=\"elementor-element elementor-element-930f0de elementor-widget elementor-widget-text-editor\" data-id=\"930f0de\" data-element_type=\"widget\" data-e-type=\"widget\" data-widget_type=\"text-editor.default\">\n\t\t\t\t<div class=\"elementor-widget-container\">\n\t\t\t\t\t\t\t\t\t<p>Je nach dem zul\u00e4ssigen Gesamtgewicht des Lkw, f\u00fcr das Fahrzeug:<\/p><ul><li>von mehr als 3,5 Tonnen - jedes Jahr<\/li><li>nicht mehr als 3,5 Tonnen:<\/li><li>erste Inspektion - vor Ablauf von 3 Jahren ab dem Datum der Registrierung<\/li><li>zweite Inspektion - innerhalb von 2 Jahren ab dem Datum der ersten Inspektion<\/li><li>nachfolgende \u00dcberpr\u00fcfungen - j\u00e4hrlich<\/li><\/ul>\t\t\t\t\t\t\t\t<\/div>\n\t\t\t\t<\/div>\n\t\t\t\t\t<\/div>\n\t\t<\/div>\n\t\t\t\t\t<\/div>\n\t\t<\/section>\n\t\t\t\t<section class=\"elementor-section elementor-top-section elementor-element elementor-element-fb115b2 elementor-section-boxed elementor-section-height-default elementor-section-height-default\" data-id=\"fb115b2\" data-element_type=\"section\" data-e-type=\"section\">\n\t\t\t\t\t\t<div class=\"elementor-container elementor-column-gap-default\">\n\t\t\t\t\t<div class=\"elementor-column elementor-col-50 elementor-top-column elementor-element elementor-element-2cdeb48\" data-id=\"2cdeb48\" data-element_type=\"column\" data-e-type=\"column\">\n\t\t\t<div class=\"elementor-widget-wrap elementor-element-populated\">\n\t\t\t\t\t\t<div class=\"elementor-element elementor-element-0d68ea2 elementor-widget elementor-widget-spacer\" data-id=\"0d68ea2\" data-element_type=\"widget\" data-e-type=\"widget\" data-widget_type=\"spacer.default\">\n\t\t\t\t<div class=\"elementor-widget-container\">\n\t\t\t\t\t\t\t<div class=\"elementor-spacer\">\n\t\t\t<div class=\"elementor-spacer-inner\"><\/div>\n\t\t<\/div>\n\t\t\t\t\t\t<\/div>\n\t\t\t\t<\/div>\n\t\t\t\t<div class=\"elementor-element elementor-element-550c483 elementor-widget elementor-widget-heading\" data-id=\"550c483\" data-element_type=\"widget\" data-e-type=\"widget\" data-widget_type=\"heading.default\">\n\t\t\t\t<div class=\"elementor-widget-container\">\n\t\t\t\t\t<h2 class=\"elementor-heading-title elementor-size-default\">Was passiert, wenn Sie die regelm\u00e4\u00dfige Wartung Ihres Lkw vernachl\u00e4ssigen?<\/h2>\t\t\t\t<\/div>\n\t\t\t\t<\/div>\n\t\t\t\t<div class=\"elementor-element elementor-element-0c2c3ed elementor-widget elementor-widget-text-editor\" data-id=\"0c2c3ed\" data-element_type=\"widget\" data-e-type=\"widget\" data-widget_type=\"text-editor.default\">\n\t\t\t\t<div class=\"elementor-widget-container\">\n\t\t\t\t\t\t\t\t\t<p>Im Falle einer Polizeikontrolle drohen Ihnen folgende Konsequenzen:<\/p><ul><li>Nichtzulassung des Fahrzeugs<\/li><li>Strafe<\/li><li>Annullierung von OC- und AC-Policen<\/li><\/ul><p>Andererseits ist zu bedenken, dass eine regelm\u00e4\u00dfige Wartung vor allem einen st\u00f6rungsfreien Betrieb des Fahrzeugs bedeutet. Ein Bu\u00dfgeld ist nichts im Vergleich zu einer m\u00f6glichen Panne Ihres Fahrzeugs, die unter anderem durch nachl\u00e4ssige Wartung verursacht wurde. Im Falle eines Defekts werden Sie mit einer kostspieligen ...<\/p>\t\t\t\t\t\t\t\t<\/div>\n\t\t\t\t<\/div>\n\t\t\t\t\t<\/div>\n\t\t<\/div>\n\t\t\t\t<div class=\"elementor-column elementor-col-50 elementor-top-column elementor-element elementor-element-32ae2dc\" data-id=\"32ae2dc\" data-element_type=\"column\" data-e-type=\"column\">\n\t\t\t<div class=\"elementor-widget-wrap elementor-element-populated\">\n\t\t\t\t\t\t<div class=\"elementor-element elementor-element-a935b63 elementor-widget elementor-widget-image\" data-id=\"a935b63\" data-element_type=\"widget\" data-e-type=\"widget\" data-widget_type=\"image.default\">\n\t\t\t\t<div class=\"elementor-widget-container\">\n\t\t\t\t\t\t\t\t\t\t\t\t\t\t\t<img decoding=\"async\" width=\"800\" height=\"800\" src=\"https:\/\/techoil.com.pl\/wp-content\/uploads\/2022\/08\/Untitled-design-2022-08-27T013214.399-1024x1024.png\" class=\"attachment-large size-large wp-image-901\" alt=\"Reparatur von Lastkraftwagen\" srcset=\"https:\/\/techoil.com.pl\/wp-content\/uploads\/2022\/08\/Untitled-design-2022-08-27T013214.399-1024x1024.png 1024w, https:\/\/techoil.com.pl\/wp-content\/uploads\/2022\/08\/Untitled-design-2022-08-27T013214.399-300x300.png 300w, https:\/\/techoil.com.pl\/wp-content\/uploads\/2022\/08\/Untitled-design-2022-08-27T013214.399-150x150.png 150w, https:\/\/techoil.com.pl\/wp-content\/uploads\/2022\/08\/Untitled-design-2022-08-27T013214.399-768x768.png 768w, https:\/\/techoil.com.pl\/wp-content\/uploads\/2022\/08\/Untitled-design-2022-08-27T013214.399.png 1080w\" sizes=\"(max-width: 800px) 100vw, 800px\" title=\"\">\t\t\t\t\t\t\t\t\t\t\t\t\t\t\t<\/div>\n\t\t\t\t<\/div>\n\t\t\t\t\t<\/div>\n\t\t<\/div>\n\t\t\t\t\t<\/div>\n\t\t<\/section>\n\t\t\t\t<section class=\"elementor-section elementor-top-section elementor-element elementor-element-52c93b7 elementor-section-boxed elementor-section-height-default elementor-section-height-default\" data-id=\"52c93b7\" data-element_type=\"section\" data-e-type=\"section\">\n\t\t\t\t\t\t<div class=\"elementor-container elementor-column-gap-default\">\n\t\t\t\t\t<div class=\"elementor-column elementor-col-50 elementor-top-column elementor-element elementor-element-cf29b3f\" data-id=\"cf29b3f\" data-element_type=\"column\" data-e-type=\"column\">\n\t\t\t<div class=\"elementor-widget-wrap elementor-element-populated\">\n\t\t\t\t\t\t<div class=\"elementor-element elementor-element-df10d9d elementor-widget elementor-widget-image\" data-id=\"df10d9d\" data-element_type=\"widget\" data-e-type=\"widget\" data-widget_type=\"image.default\">\n\t\t\t\t<div class=\"elementor-widget-container\">\n\t\t\t\t\t\t\t\t\t\t\t\t\t\t\t<img loading=\"lazy\" decoding=\"async\" width=\"800\" height=\"800\" src=\"https:\/\/techoil.com.pl\/wp-content\/uploads\/2022\/08\/computer-diagnostics-14-1024x1024.png\" class=\"attachment-large size-large wp-image-634\" alt=\"\" srcset=\"https:\/\/techoil.com.pl\/wp-content\/uploads\/2022\/08\/computer-diagnostics-14-1024x1024.png 1024w, https:\/\/techoil.com.pl\/wp-content\/uploads\/2022\/08\/computer-diagnostics-14-300x300.png 300w, https:\/\/techoil.com.pl\/wp-content\/uploads\/2022\/08\/computer-diagnostics-14-150x150.png 150w, https:\/\/techoil.com.pl\/wp-content\/uploads\/2022\/08\/computer-diagnostics-14-768x768.png 768w, https:\/\/techoil.com.pl\/wp-content\/uploads\/2022\/08\/computer-diagnostics-14.png 1080w\" sizes=\"(max-width: 800px) 100vw, 800px\" title=\"\">\t\t\t\t\t\t\t\t\t\t\t\t\t\t\t<\/div>\n\t\t\t\t<\/div>\n\t\t\t\t\t<\/div>\n\t\t<\/div>\n\t\t\t\t<div class=\"elementor-column elementor-col-50 elementor-top-column elementor-element elementor-element-dbc1f32\" data-id=\"dbc1f32\" data-element_type=\"column\" data-e-type=\"column\">\n\t\t\t<div class=\"elementor-widget-wrap elementor-element-populated\">\n\t\t\t\t\t\t<div class=\"elementor-element elementor-element-aa8a6b8 elementor-hidden-mobile elementor-widget elementor-widget-spacer\" data-id=\"aa8a6b8\" data-element_type=\"widget\" data-e-type=\"widget\" data-widget_type=\"spacer.default\">\n\t\t\t\t<div class=\"elementor-widget-container\">\n\t\t\t\t\t\t\t<div class=\"elementor-spacer\">\n\t\t\t<div class=\"elementor-spacer-inner\"><\/div>\n\t\t<\/div>\n\t\t\t\t\t\t<\/div>\n\t\t\t\t<\/div>\n\t\t\t\t<div class=\"elementor-element elementor-element-b8c8d84 elementor-widget elementor-widget-heading\" data-id=\"b8c8d84\" data-element_type=\"widget\" data-e-type=\"widget\" data-widget_type=\"heading.default\">\n\t\t\t\t<div class=\"elementor-widget-container\">\n\t\t\t\t\t<h2 class=\"elementor-heading-title elementor-size-default\">Lkw-Reparatur - Umfang der Dienstleistungen\n<\/h2>\t\t\t\t<\/div>\n\t\t\t\t<\/div>\n\t\t\t\t<div class=\"elementor-element elementor-element-cae9a88 elementor-widget elementor-widget-text-editor\" data-id=\"cae9a88\" data-element_type=\"widget\" data-e-type=\"widget\" data-widget_type=\"text-editor.default\">\n\t\t\t\t<div class=\"elementor-widget-container\">\n\t\t\t\t\t\t\t\t\t<p>Wir reparieren:<\/p><ul><li>Br\u00fccken<\/li><li>Motoren<\/li><li>getriebe<\/li><li>Abgassysteme<\/li><\/ul><p>Wir bedienen:<\/p><ul><li>Stromversorgungssysteme<\/li><li>Klimatisierungssysteme<\/li><li>Ladebordw\u00e4nde<\/li><li>Anh\u00e4nger<\/li><\/ul><p>Dar\u00fcber hinaus bieten wir Dienstleistungen in den Bereichen:<\/p><ul><li>Achsvermessung<\/li><li>allgemeine Mechanik<\/li><li>Leistungshydraulik<\/li><li>Computerdiagnose<\/li><\/ul>\t\t\t\t\t\t\t\t<\/div>\n\t\t\t\t<\/div>\n\t\t\t\t\t<\/div>\n\t\t<\/div>\n\t\t\t\t\t<\/div>\n\t\t<\/section>\n\t\t\t\t<\/div>","protected":false},"excerpt":{"rendered":"<p>Naprawa Tirow \u2013 Kielce Co obejmuje przegl\u0105d techniczny samochodu ci\u0119\u017carowego? Zakres czynno\u015bci jest niemal\u017ce identyczny jak w wypadku samochodu osobowego, wi\u0119c kontroler sprawdza: opony i ogumienie dzia\u0142anie hamulc\u00f3w sprawno\u015b\u0107 uk\u0142adu kierowniczego zgodno\u015b\u0107 numeru VIN z numerem w dowodzie rejestracyjnym stan nadwozia kondycj\u0119 zawieszenia prac\u0119 silnika dzia\u0142anie o\u015bwietlenia sprawno\u015b\u0107 oraz g\u0142o\u015bno\u015b\u0107 uk\u0142adu wydechowego pasy bezpiecze\u0144stwa obecno\u015b\u0107 [&hellip;]<\/p>\n","protected":false},"author":1,"featured_media":0,"parent":0,"menu_order":0,"comment_status":"closed","ping_status":"closed","template":"","meta":{"_eb_attr":"","footnotes":""},"class_list":["post-292","page","type-page","status-publish","hentry"],"_links":{"self":[{"href":"https:\/\/techoil.com.pl\/de\/wp-json\/wp\/v2\/pages\/292","targetHints":{"allow":["GET"]}}],"collection":[{"href":"https:\/\/techoil.com.pl\/de\/wp-json\/wp\/v2\/pages"}],"about":[{"href":"https:\/\/techoil.com.pl\/de\/wp-json\/wp\/v2\/types\/page"}],"author":[{"embeddable":true,"href":"https:\/\/techoil.com.pl\/de\/wp-json\/wp\/v2\/users\/1"}],"replies":[{"embeddable":true,"href":"https:\/\/techoil.com.pl\/de\/wp-json\/wp\/v2\/comments?post=292"}],"version-history":[{"count":6,"href":"https:\/\/techoil.com.pl\/de\/wp-json\/wp\/v2\/pages\/292\/revisions"}],"predecessor-version":[{"id":14201,"href":"https:\/\/techoil.com.pl\/de\/wp-json\/wp\/v2\/pages\/292\/revisions\/14201"}],"wp:attachment":[{"href":"https:\/\/techoil.com.pl\/de\/wp-json\/wp\/v2\/media?parent=292"}],"curies":[{"name":"wp","href":"https:\/\/api.w.org\/{rel}","templated":true}]}}