{"id":191,"date":"2022-08-15T22:25:49","date_gmt":"2022-08-15T20:25:49","guid":{"rendered":"https:\/\/techoil.com.pl\/?page_id=191"},"modified":"2025-04-10T13:11:06","modified_gmt":"2025-04-10T11:11:06","slug":"mechanik-pojazdow-kielce","status":"publish","type":"page","link":"https:\/\/techoil.com.pl\/de\/mechanik-pojazdow-kielce\/","title":{"rendered":"Kfz-Mechaniker"},"content":{"rendered":"<style>.elementor-191 .elementor-element.elementor-element-246190d:not(.elementor-motion-effects-element-type-background), .elementor-191 .elementor-element.elementor-element-246190d > .elementor-motion-effects-container > .elementor-motion-effects-layer{background-image:url(\"https:\/\/techoil.com.pl\/wp-content\/uploads\/2022\/08\/Untitled-design-2022-08-17T155336.340.png\");background-position:center center;background-repeat:no-repeat;background-size:cover;}.elementor-191 .elementor-element.elementor-element-246190d{transition:background 0.3s, border 0.3s, border-radius 0.3s, box-shadow 0.3s;}.elementor-191 .elementor-element.elementor-element-246190d > .elementor-background-overlay{transition:background 0.3s, border-radius 0.3s, opacity 0.3s;}.elementor-191 .elementor-element.elementor-element-acca7b3{--spacer-size:98px;}.elementor-191 .elementor-element.elementor-element-6fb4671{text-align:center;}.elementor-191 .elementor-element.elementor-element-6fb4671 .elementor-heading-title{font-family:\"Open Sans\", Sans-serif;font-size:48px;font-weight:600;color:#FFFFFF;}.elementor-191 .elementor-element.elementor-element-fb3bb28{--spacer-size:50px;}.elementor-191 .elementor-element.elementor-element-c0ed9e6{--spacer-size:10px;}.elementor-191 .elementor-element.elementor-element-ccb3fff{--spacer-size:50px;}.elementor-191 .elementor-element.elementor-element-a15fe13{--spacer-size:10px;}.elementor-191 .elementor-element.elementor-element-31b7f90{text-align:start;}.elementor-191 .elementor-element.elementor-element-31b7f90 .elementor-heading-title{font-family:\"Open Sans\", Sans-serif;font-size:32px;font-weight:600;color:#000000;}.elementor-191 .elementor-element.elementor-element-3fa2ca6{font-family:\"Open Sans\", Sans-serif;font-size:16px;font-weight:400;line-height:24px;color:#000000;}.elementor-191 .elementor-element.elementor-element-69d0754{--spacer-size:10px;}.elementor-191 .elementor-element.elementor-element-e721ce8{text-align:start;}.elementor-191 .elementor-element.elementor-element-e721ce8 .elementor-heading-title{font-family:\"Open Sans\", Sans-serif;font-size:32px;font-weight:600;color:#000000;}.elementor-191 .elementor-element.elementor-element-100e335{font-family:\"Open Sans\", Sans-serif;font-size:16px;font-weight:400;line-height:24px;color:#000000;}.elementor-191 .elementor-element.elementor-element-fe821bc{--spacer-size:10px;}.elementor-191 .elementor-element.elementor-element-46de859{text-align:start;}.elementor-191 .elementor-element.elementor-element-46de859 .elementor-heading-title{font-family:\"Open Sans\", Sans-serif;font-size:32px;font-weight:600;color:#000000;}.elementor-191 .elementor-element.elementor-element-096304b{font-family:\"Open Sans\", Sans-serif;font-size:16px;font-weight:400;line-height:24px;color:#000000;}:root{--page-title-display:none;}@media(min-width:768px){.elementor-191 .elementor-element.elementor-element-78288e7{width:20%;}.elementor-191 .elementor-element.elementor-element-4c4e72d{width:59.332%;}.elementor-191 .elementor-element.elementor-element-f276d75{width:20%;}}<\/style>\t\t<div data-elementor-type=\"wp-page\" data-elementor-id=\"191\" class=\"elementor elementor-191\" data-elementor-post-type=\"page\">\n\t\t\t\t\t\t<section class=\"elementor-section elementor-top-section elementor-element elementor-element-246190d elementor-section-full_width elementor-section-stretched elementor-section-height-default elementor-section-height-default\" data-id=\"246190d\" data-element_type=\"section\" data-e-type=\"section\" data-settings=\"{&quot;stretch_section&quot;:&quot;section-stretched&quot;,&quot;background_background&quot;:&quot;classic&quot;}\">\n\t\t\t\t\t\t<div class=\"elementor-container elementor-column-gap-no\">\n\t\t\t\t\t<div class=\"elementor-column elementor-col-100 elementor-top-column elementor-element elementor-element-1ee0731\" data-id=\"1ee0731\" data-element_type=\"column\" data-e-type=\"column\">\n\t\t\t<div class=\"elementor-widget-wrap elementor-element-populated\">\n\t\t\t\t\t\t<section class=\"elementor-section elementor-inner-section elementor-element elementor-element-5f8c80c elementor-section-boxed elementor-section-height-default elementor-section-height-default\" data-id=\"5f8c80c\" data-element_type=\"section\" data-e-type=\"section\">\n\t\t\t\t\t\t<div class=\"elementor-container elementor-column-gap-default\">\n\t\t\t\t\t<div class=\"elementor-column elementor-col-33 elementor-inner-column elementor-element elementor-element-78288e7\" data-id=\"78288e7\" data-element_type=\"column\" data-e-type=\"column\">\n\t\t\t<div class=\"elementor-widget-wrap\">\n\t\t\t\t\t\t\t<\/div>\n\t\t<\/div>\n\t\t\t\t<div class=\"elementor-column elementor-col-33 elementor-inner-column elementor-element elementor-element-4c4e72d\" data-id=\"4c4e72d\" data-element_type=\"column\" data-e-type=\"column\">\n\t\t\t<div class=\"elementor-widget-wrap elementor-element-populated\">\n\t\t\t\t\t\t<div class=\"elementor-element elementor-element-acca7b3 elementor-widget elementor-widget-spacer\" data-id=\"acca7b3\" data-element_type=\"widget\" data-e-type=\"widget\" data-widget_type=\"spacer.default\">\n\t\t\t\t<div class=\"elementor-widget-container\">\n\t\t\t\t\t\t\t<div class=\"elementor-spacer\">\n\t\t\t<div class=\"elementor-spacer-inner\"><\/div>\n\t\t<\/div>\n\t\t\t\t\t\t<\/div>\n\t\t\t\t<\/div>\n\t\t\t\t<div class=\"elementor-element elementor-element-6fb4671 elementor-widget elementor-widget-heading\" data-id=\"6fb4671\" data-element_type=\"widget\" data-e-type=\"widget\" data-widget_type=\"heading.default\">\n\t\t\t\t<div class=\"elementor-widget-container\">\n\t\t\t\t\t<h2 class=\"elementor-heading-title elementor-size-default\">Mechanik Pojazd\u00f3w Kielce<\/h2>\t\t\t\t<\/div>\n\t\t\t\t<\/div>\n\t\t\t\t<div class=\"elementor-element elementor-element-fb3bb28 elementor-widget elementor-widget-spacer\" data-id=\"fb3bb28\" data-element_type=\"widget\" data-e-type=\"widget\" data-widget_type=\"spacer.default\">\n\t\t\t\t<div class=\"elementor-widget-container\">\n\t\t\t\t\t\t\t<div class=\"elementor-spacer\">\n\t\t\t<div class=\"elementor-spacer-inner\"><\/div>\n\t\t<\/div>\n\t\t\t\t\t\t<\/div>\n\t\t\t\t<\/div>\n\t\t\t\t<div class=\"elementor-element elementor-element-c0ed9e6 elementor-widget elementor-widget-spacer\" data-id=\"c0ed9e6\" data-element_type=\"widget\" data-e-type=\"widget\" data-widget_type=\"spacer.default\">\n\t\t\t\t<div class=\"elementor-widget-container\">\n\t\t\t\t\t\t\t<div class=\"elementor-spacer\">\n\t\t\t<div class=\"elementor-spacer-inner\"><\/div>\n\t\t<\/div>\n\t\t\t\t\t\t<\/div>\n\t\t\t\t<\/div>\n\t\t\t\t\t<\/div>\n\t\t<\/div>\n\t\t\t\t<div class=\"elementor-column elementor-col-33 elementor-inner-column elementor-element elementor-element-f276d75\" data-id=\"f276d75\" data-element_type=\"column\" data-e-type=\"column\">\n\t\t\t<div class=\"elementor-widget-wrap\">\n\t\t\t\t\t\t\t<\/div>\n\t\t<\/div>\n\t\t\t\t\t<\/div>\n\t\t<\/section>\n\t\t\t\t<div class=\"elementor-element elementor-element-ccb3fff elementor-widget elementor-widget-spacer\" data-id=\"ccb3fff\" data-element_type=\"widget\" data-e-type=\"widget\" data-widget_type=\"spacer.default\">\n\t\t\t\t<div class=\"elementor-widget-container\">\n\t\t\t\t\t\t\t<div class=\"elementor-spacer\">\n\t\t\t<div class=\"elementor-spacer-inner\"><\/div>\n\t\t<\/div>\n\t\t\t\t\t\t<\/div>\n\t\t\t\t<\/div>\n\t\t\t\t\t<\/div>\n\t\t<\/div>\n\t\t\t\t\t<\/div>\n\t\t<\/section>\n\t\t\t\t<section class=\"elementor-section elementor-top-section elementor-element elementor-element-676df99 elementor-section-boxed elementor-section-height-default elementor-section-height-default\" data-id=\"676df99\" data-element_type=\"section\" data-e-type=\"section\">\n\t\t\t\t\t\t<div class=\"elementor-container elementor-column-gap-default\">\n\t\t\t\t\t<div class=\"elementor-column elementor-col-50 elementor-top-column elementor-element elementor-element-93e6af8\" data-id=\"93e6af8\" data-element_type=\"column\" data-e-type=\"column\">\n\t\t\t<div class=\"elementor-widget-wrap elementor-element-populated\">\n\t\t\t\t\t\t<div class=\"elementor-element elementor-element-a15fe13 elementor-widget elementor-widget-spacer\" data-id=\"a15fe13\" data-element_type=\"widget\" data-e-type=\"widget\" data-widget_type=\"spacer.default\">\n\t\t\t\t<div class=\"elementor-widget-container\">\n\t\t\t\t\t\t\t<div class=\"elementor-spacer\">\n\t\t\t<div class=\"elementor-spacer-inner\"><\/div>\n\t\t<\/div>\n\t\t\t\t\t\t<\/div>\n\t\t\t\t<\/div>\n\t\t\t\t<div class=\"elementor-element elementor-element-31b7f90 elementor-widget elementor-widget-heading\" data-id=\"31b7f90\" data-element_type=\"widget\" data-e-type=\"widget\" data-widget_type=\"heading.default\">\n\t\t\t\t<div class=\"elementor-widget-container\">\n\t\t\t\t\t<h2 class=\"elementor-heading-title elementor-size-default\">Mechanika pojazdowa \u2013 zakres us\u0142ug<\/h2>\t\t\t\t<\/div>\n\t\t\t\t<\/div>\n\t\t\t\t<div class=\"elementor-element elementor-element-3fa2ca6 elementor-widget elementor-widget-text-editor\" data-id=\"3fa2ca6\" data-element_type=\"widget\" data-e-type=\"widget\" data-widget_type=\"text-editor.default\">\n\t\t\t\t<div class=\"elementor-widget-container\">\n\t\t\t\t\t\t\t\t\t<p>Mechanika pojazdowa obejmuje g\u0142\u00f3wnie kontrol\u0119 stanu technicznego pojazdu oraz napraw\u0119 potencjalnych awarii. Napraw\u0119 poprzedza precyzyjna diagnostyka samochodu. Po jej wykonaniu mechanik otrzymuje raport, kt\u00f3ry zawiera informacje o konkretnych podzespo\u0142ach. To szybki spos\u00f3b, kt\u00f3ry pozwala precyzyjnie okre\u015bli\u0107 np. co wymaga wymiany. Sprawna diagnoza usterki przek\u0142ada si\u0119 na ni\u017csze koszty w\u0142a\u015bciciela pojazdu oraz kr\u00f3tszy czas oczekiwania na napraw\u0119. Jednak poj\u0119cie mechaniki pojazdowej jest bardzo szerokie i nie mo\u017cna go zaw\u0119\u017ca\u0107 do kontroli stanu technicznego oraz napraw awarii. Jakie jeszcze czynno\u015bci obejmuje mechanika pojazdowa?<\/p><ul><li>naprawy blacharskie<\/li><li>pokrywanie konkretnych element\u00f3w pow\u0142ok\u0105 lakiernicz\u0105<\/li><li>wymiany opon<\/li><li>ustawianie geometrii i zbie\u017cno\u015bci k\u00f3\u0142<\/li><\/ul>\t\t\t\t\t\t\t\t<\/div>\n\t\t\t\t<\/div>\n\t\t\t\t\t<\/div>\n\t\t<\/div>\n\t\t\t\t<div class=\"elementor-column elementor-col-50 elementor-top-column elementor-element elementor-element-37d4928\" data-id=\"37d4928\" data-element_type=\"column\" data-e-type=\"column\">\n\t\t\t<div class=\"elementor-widget-wrap elementor-element-populated\">\n\t\t\t\t\t\t<div class=\"elementor-element elementor-element-cd14c95 elementor-widget elementor-widget-image\" data-id=\"cd14c95\" data-element_type=\"widget\" data-e-type=\"widget\" data-widget_type=\"image.default\">\n\t\t\t\t<div class=\"elementor-widget-container\">\n\t\t\t\t\t\t\t\t\t\t\t\t\t\t\t<img fetchpriority=\"high\" decoding=\"async\" width=\"800\" height=\"800\" src=\"https:\/\/techoil.com.pl\/wp-content\/uploads\/2022\/08\/computer-diagnostics-4-1024x1024.png\" class=\"attachment-large size-large wp-image-592\" alt=\"\" srcset=\"https:\/\/techoil.com.pl\/wp-content\/uploads\/2022\/08\/computer-diagnostics-4-1024x1024.png 1024w, https:\/\/techoil.com.pl\/wp-content\/uploads\/2022\/08\/computer-diagnostics-4-300x300.png 300w, https:\/\/techoil.com.pl\/wp-content\/uploads\/2022\/08\/computer-diagnostics-4-150x150.png 150w, https:\/\/techoil.com.pl\/wp-content\/uploads\/2022\/08\/computer-diagnostics-4-768x768.png 768w, https:\/\/techoil.com.pl\/wp-content\/uploads\/2022\/08\/computer-diagnostics-4.png 1080w\" sizes=\"(max-width: 800px) 100vw, 800px\" title=\"\">\t\t\t\t\t\t\t\t\t\t\t\t\t\t\t<\/div>\n\t\t\t\t<\/div>\n\t\t\t\t\t<\/div>\n\t\t<\/div>\n\t\t\t\t\t<\/div>\n\t\t<\/section>\n\t\t\t\t<section class=\"elementor-section elementor-top-section elementor-element elementor-element-114351a elementor-section-boxed elementor-section-height-default elementor-section-height-default\" data-id=\"114351a\" data-element_type=\"section\" data-e-type=\"section\">\n\t\t\t\t\t\t<div class=\"elementor-container elementor-column-gap-default\">\n\t\t\t\t\t<div class=\"elementor-column elementor-col-50 elementor-top-column elementor-element elementor-element-7ca2859\" data-id=\"7ca2859\" data-element_type=\"column\" data-e-type=\"column\">\n\t\t\t<div class=\"elementor-widget-wrap elementor-element-populated\">\n\t\t\t\t\t\t<div class=\"elementor-element elementor-element-24b9be4 elementor-widget elementor-widget-image\" data-id=\"24b9be4\" data-element_type=\"widget\" data-e-type=\"widget\" data-widget_type=\"image.default\">\n\t\t\t\t<div class=\"elementor-widget-container\">\n\t\t\t\t\t\t\t\t\t\t\t\t\t\t\t<img decoding=\"async\" width=\"800\" height=\"800\" src=\"https:\/\/techoil.com.pl\/wp-content\/uploads\/2022\/08\/computer-diagnostics-5-1024x1024.png\" class=\"attachment-large size-large wp-image-596\" alt=\"\" srcset=\"https:\/\/techoil.com.pl\/wp-content\/uploads\/2022\/08\/computer-diagnostics-5-1024x1024.png 1024w, https:\/\/techoil.com.pl\/wp-content\/uploads\/2022\/08\/computer-diagnostics-5-300x300.png 300w, https:\/\/techoil.com.pl\/wp-content\/uploads\/2022\/08\/computer-diagnostics-5-150x150.png 150w, https:\/\/techoil.com.pl\/wp-content\/uploads\/2022\/08\/computer-diagnostics-5-768x768.png 768w, https:\/\/techoil.com.pl\/wp-content\/uploads\/2022\/08\/computer-diagnostics-5.png 1080w\" sizes=\"(max-width: 800px) 100vw, 800px\" title=\"\">\t\t\t\t\t\t\t\t\t\t\t\t\t\t\t<\/div>\n\t\t\t\t<\/div>\n\t\t\t\t\t<\/div>\n\t\t<\/div>\n\t\t\t\t<div class=\"elementor-column elementor-col-50 elementor-top-column elementor-element elementor-element-f835af8\" data-id=\"f835af8\" data-element_type=\"column\" data-e-type=\"column\">\n\t\t\t<div class=\"elementor-widget-wrap elementor-element-populated\">\n\t\t\t\t\t\t<div class=\"elementor-element elementor-element-69d0754 elementor-widget elementor-widget-spacer\" data-id=\"69d0754\" data-element_type=\"widget\" data-e-type=\"widget\" data-widget_type=\"spacer.default\">\n\t\t\t\t<div class=\"elementor-widget-container\">\n\t\t\t\t\t\t\t<div class=\"elementor-spacer\">\n\t\t\t<div class=\"elementor-spacer-inner\"><\/div>\n\t\t<\/div>\n\t\t\t\t\t\t<\/div>\n\t\t\t\t<\/div>\n\t\t\t\t<div class=\"elementor-element elementor-element-e721ce8 elementor-widget elementor-widget-heading\" data-id=\"e721ce8\" data-element_type=\"widget\" data-e-type=\"widget\" data-widget_type=\"heading.default\">\n\t\t\t\t<div class=\"elementor-widget-container\">\n\t\t\t\t\t<h2 class=\"elementor-heading-title elementor-size-default\">Kiedy nale\u017cy uda\u0107 si\u0119 do mechanika?<\/h2>\t\t\t\t<\/div>\n\t\t\t\t<\/div>\n\t\t\t\t<div class=\"elementor-element elementor-element-100e335 elementor-widget elementor-widget-text-editor\" data-id=\"100e335\" data-element_type=\"widget\" data-e-type=\"widget\" data-widget_type=\"text-editor.default\">\n\t\t\t\t<div class=\"elementor-widget-container\">\n\t\t\t\t\t\t\t\t\t<p>Poza oczywistymi sygna\u0142ami typu:<\/p><ul><li>zapalenie si\u0119 kontrolek na desce rozdzielczej<\/li><li>utrata mocy silnika<\/li><li>problemy z uruchomieniem pojazdu<\/li><\/ul><p>Mamy jeszcze kilkana\u015bcie nieoczywistych znak\u00f3w, kt\u00f3re powinny nas zaniepokoi\u0107:<\/p><ul><li>niecodzienne d\u017awi\u0119ki opon podczas jazdy \u2013 by\u0107 mo\u017ce trzeba wyr\u00f3wna\u0107 poziom powietrza<\/li><li>dziwne d\u017awi\u0119ki k\u00f3\u0142 przy skr\u0119caniu \u2013 wymiany wymagaj\u0105 \u0142o\u017cyska b\u0105d\u017a poszczeg\u00f3lne elementy zawieszenia<\/li><li>drgania kierownicy \u2013 niezb\u0119dne mo\u017ce si\u0119 okaza\u0107 wywa\u017cenie k\u00f3\u0142, wymiana opon b\u0105d\u017a naprawa przegubu nap\u0119dowego<\/li><li>bia\u0142y\/niebieski\/czarny dym \u2013 bardzo szeroki temat \u2013 od awarii ch\u0142odnicy przez p\u0119kni\u0119t\u0105 g\u0142owic\u0119 po powa\u017cne uszkodzenie silnika<\/li><\/ul>\t\t\t\t\t\t\t\t<\/div>\n\t\t\t\t<\/div>\n\t\t\t\t\t<\/div>\n\t\t<\/div>\n\t\t\t\t\t<\/div>\n\t\t<\/section>\n\t\t\t\t<section class=\"elementor-section elementor-top-section elementor-element elementor-element-e026a0e elementor-section-boxed elementor-section-height-default elementor-section-height-default\" data-id=\"e026a0e\" data-element_type=\"section\" data-e-type=\"section\">\n\t\t\t\t\t\t<div class=\"elementor-container elementor-column-gap-default\">\n\t\t\t\t\t<div class=\"elementor-column elementor-col-50 elementor-top-column elementor-element elementor-element-7b02897\" data-id=\"7b02897\" data-element_type=\"column\" data-e-type=\"column\">\n\t\t\t<div class=\"elementor-widget-wrap elementor-element-populated\">\n\t\t\t\t\t\t<div class=\"elementor-element elementor-element-fe821bc elementor-widget elementor-widget-spacer\" data-id=\"fe821bc\" data-element_type=\"widget\" data-e-type=\"widget\" data-widget_type=\"spacer.default\">\n\t\t\t\t<div class=\"elementor-widget-container\">\n\t\t\t\t\t\t\t<div class=\"elementor-spacer\">\n\t\t\t<div class=\"elementor-spacer-inner\"><\/div>\n\t\t<\/div>\n\t\t\t\t\t\t<\/div>\n\t\t\t\t<\/div>\n\t\t\t\t<div class=\"elementor-element elementor-element-46de859 elementor-widget elementor-widget-heading\" data-id=\"46de859\" data-element_type=\"widget\" data-e-type=\"widget\" data-widget_type=\"heading.default\">\n\t\t\t\t<div class=\"elementor-widget-container\">\n\t\t\t\t\t<h2 class=\"elementor-heading-title elementor-size-default\">Kiedy nale\u017cy uda\u0107 si\u0119 do mechanika?<\/h2>\t\t\t\t<\/div>\n\t\t\t\t<\/div>\n\t\t\t\t<div class=\"elementor-element elementor-element-096304b elementor-widget elementor-widget-text-editor\" data-id=\"096304b\" data-element_type=\"widget\" data-e-type=\"widget\" data-widget_type=\"text-editor.default\">\n\t\t\t\t<div class=\"elementor-widget-container\">\n\t\t\t\t\t\t\t\t\t<p>Licz si\u0119 z du\u017cymi wydatkami.<br \/>Z takich wskaz\u00f3wek \u2013 oznak dawanych przez samoch\u00f3d \u2013 op\u0142aca si\u0119 korzysta\u0107.<br \/>Ignorowanie niepokoj\u0105cych sygna\u0142\u00f3w to najgorsze, co mo\u017cesz zrobi\u0107 \u2013 praktycznie sam tworzysz sobie problemy. Ma\u0142a rzecz, kt\u00f3rej naprawa zamknie si\u0119 w kwocie kilkuset z\u0142otych \u2013 przerodzi si\u0119 w powa\u017cne uszkodzenia i powa\u017cne koszty.<\/p>\t\t\t\t\t\t\t\t<\/div>\n\t\t\t\t<\/div>\n\t\t\t\t\t<\/div>\n\t\t<\/div>\n\t\t\t\t<div class=\"elementor-column elementor-col-50 elementor-top-column elementor-element elementor-element-1609392\" data-id=\"1609392\" data-element_type=\"column\" data-e-type=\"column\">\n\t\t\t<div class=\"elementor-widget-wrap elementor-element-populated\">\n\t\t\t\t\t\t<div class=\"elementor-element elementor-element-4c39fbe elementor-widget elementor-widget-image\" data-id=\"4c39fbe\" data-element_type=\"widget\" data-e-type=\"widget\" data-widget_type=\"image.default\">\n\t\t\t\t<div class=\"elementor-widget-container\">\n\t\t\t\t\t\t\t\t\t\t\t\t\t\t\t<img decoding=\"async\" width=\"800\" height=\"800\" src=\"https:\/\/techoil.com.pl\/wp-content\/uploads\/2022\/08\/computer-diagnostics-6-1024x1024.png\" class=\"attachment-large size-large wp-image-600\" alt=\"\" srcset=\"https:\/\/techoil.com.pl\/wp-content\/uploads\/2022\/08\/computer-diagnostics-6-1024x1024.png 1024w, https:\/\/techoil.com.pl\/wp-content\/uploads\/2022\/08\/computer-diagnostics-6-300x300.png 300w, https:\/\/techoil.com.pl\/wp-content\/uploads\/2022\/08\/computer-diagnostics-6-150x150.png 150w, https:\/\/techoil.com.pl\/wp-content\/uploads\/2022\/08\/computer-diagnostics-6-768x768.png 768w, https:\/\/techoil.com.pl\/wp-content\/uploads\/2022\/08\/computer-diagnostics-6.png 1080w\" sizes=\"(max-width: 800px) 100vw, 800px\" title=\"\">\t\t\t\t\t\t\t\t\t\t\t\t\t\t\t<\/div>\n\t\t\t\t<\/div>\n\t\t\t\t\t<\/div>\n\t\t<\/div>\n\t\t\t\t\t<\/div>\n\t\t<\/section>\n\t\t\t\t<\/div>","protected":false},"excerpt":{"rendered":"<p>Mechanik Pojazd\u00f3w Kielce Mechanika pojazdowa \u2013 zakres us\u0142ug Mechanika pojazdowa obejmuje g\u0142\u00f3wnie kontrol\u0119 stanu technicznego pojazdu oraz napraw\u0119 potencjalnych awarii. Napraw\u0119 poprzedza precyzyjna diagnostyka samochodu. Po jej wykonaniu mechanik otrzymuje raport, kt\u00f3ry zawiera informacje o konkretnych podzespo\u0142ach. To szybki spos\u00f3b, kt\u00f3ry pozwala precyzyjnie okre\u015bli\u0107 np. co wymaga wymiany. Sprawna diagnoza usterki przek\u0142ada si\u0119 na ni\u017csze [&hellip;]<\/p>\n","protected":false},"author":1,"featured_media":0,"parent":0,"menu_order":0,"comment_status":"closed","ping_status":"closed","template":"","meta":{"_eb_attr":"","footnotes":""},"class_list":["post-191","page","type-page","status-publish","hentry"],"_links":{"self":[{"href":"https:\/\/techoil.com.pl\/de\/wp-json\/wp\/v2\/pages\/191","targetHints":{"allow":["GET"]}}],"collection":[{"href":"https:\/\/techoil.com.pl\/de\/wp-json\/wp\/v2\/pages"}],"about":[{"href":"https:\/\/techoil.com.pl\/de\/wp-json\/wp\/v2\/types\/page"}],"author":[{"embeddable":true,"href":"https:\/\/techoil.com.pl\/de\/wp-json\/wp\/v2\/users\/1"}],"replies":[{"embeddable":true,"href":"https:\/\/techoil.com.pl\/de\/wp-json\/wp\/v2\/comments?post=191"}],"version-history":[{"count":3,"href":"https:\/\/techoil.com.pl\/de\/wp-json\/wp\/v2\/pages\/191\/revisions"}],"predecessor-version":[{"id":14024,"href":"https:\/\/techoil.com.pl\/de\/wp-json\/wp\/v2\/pages\/191\/revisions\/14024"}],"wp:attachment":[{"href":"https:\/\/techoil.com.pl\/de\/wp-json\/wp\/v2\/media?parent=191"}],"curies":[{"name":"wp","href":"https:\/\/api.w.org\/{rel}","templated":true}]}}